{"id":44,"date":"2017-02-20T21:22:43","date_gmt":"2017-02-20T20:22:43","guid":{"rendered":"http:\/\/www.dsz.archidiecezja.wroc.pl\/?page_id=44"},"modified":"2024-07-18T00:39:27","modified_gmt":"2024-07-17T22:39:27","slug":"katolickie-stowarzyszenie-lekarzy-polskich","status":"publish","type":"page","link":"http:\/\/dsz.archidiecezja.wroc.pl\/index.php\/stowarzyszenia\/katolickie-stowarzyszenie-lekarzy-polskich\/","title":{"rendered":"Katolickie Stowarzyszenie Lekarzy Polskich oddzia\u0142 Dolno\u015bl\u0105ski"},"content":{"rendered":"<p><span style=\"font-size: 14pt;\">DZIE\u0143 SKUPIENIA\u00a0 KATOLICKIEGO STOWARZYSZENIA LEKARZY POLSKICH<\/span><\/p>\n<p style=\"text-align: center;\">tradycyjnie w Bagnie \u00a0w klasztorze oo. Salwatorian\u00f3w.<\/p>\n<p>Rozpocz\u0105\u0142 si\u0119 jak zwykle nawi\u0105zaniem wsp\u00f3lnoty przy kawie i herbacie.<\/p>\n<p>Centralnym punktem spotkania by\u0142a Naj\u015bwi\u0119tsza Eucharystia w klasztornej kaplicy koncelebrowana przez kap\u0142an\u00f3w: ks. Rektora prof.dr hab. Romana S\u0142upka SDS oraz ks. dr Marcina Ko\u0142odzieja, Asystenta Ko\u015bcielnego KELP. Czytania dnia prowadzi\u0142a prof. dr Ludwika Sadowska, \u015bpiewy psalm\u00f3w \u2013\u00a0 Ma\u0142gorzata G\u0142o\u015bna i dr Jerzy S\u0142ociak a modlitw\u0119 wiernych przedstawi\u0142a<\/p>\n<p>dr Gra\u017cyna Borejko. W modlitw\u0119 wiernych w\u0142\u0105czono modlitw\u0119 o spok\u00f3j duszy zmar\u0142ej lekarki \u2013 Teresy Bagi\u0144skiej, kt\u00f3rej pogrzeb odbywa\u0142 si\u0119 w tym czasie we Wroc\u0142awiu.<\/p>\n<p>Ciekaw\u0105 homili\u0119-konferencj\u0119 podczas Mszy \u015bw.\u00a0 na temat: &#8222;Jak dawa\u0107 \u015bwiadectwo wiary w dzisiejszych czasach&#8221; wyg\u0142osi\u0142 ks.R. S\u0142upek. Na wst\u0119pie zaproponowa\u0142 by postawi\u0107 sobie pytanie &#8211;\u00a0 &#8211; co znaczy dzi\u015b by\u0107 cz\u0142owiekiem wierz\u0105cym?\u00a0 Nast\u0119pnie zwr\u00f3ci\u0142 uwag\u0119 na kilka element\u00f3w wiary, jakie pojawiaj\u0105 si\u0119 w dzisiejszej rzeczywisto\u015bci. Przywo\u0142a\u0142 liczne wypowiedzi ostatnich papie\u017cy. Jan Pawe\u0142 II nawo\u0142ywa\u0142 by otworzy\u0107 drzwi\u00a0 Bogu do naszego \u017cycia. Wiele os\u00f3b obawia si\u0119, \u017ce w ten spos\u00f3b co\u015b utrac\u0105 i obawiaj\u0105\u00a0 si\u0119\u00a0 nieznanego, niewiadomego, a papie\u017c wyra\u017anie m\u00f3wi &#8222;Nie l\u0119kajcie si\u0119&#8221;. Benedykt XVI z kolei podaje, \u017ce wiara rozpoczyna si\u0119 wtedy, kiedy cz\u0142owiek spotyka si\u0119 z Bogiem, musimy mie\u0107 \u015bwiadomo\u015b\u0107 w kogo wierzymy, komu ufamy. To musi by\u0107 przylgni\u0119cie do Boga, spotkanie z \u017cywym Bogiem i pozwoli\u0107 Mu si\u0119 prowadzi\u0107. A Franciszek dodaje, \u017ce wiara to sens naszego \u017cycia. Na tle tych kr\u00f3tkich wypowiedzi kap\u0142an podkre\u015bli\u0142, \u017ce istnieje poj\u0119cie wolno\u015bci wiary. Wiara to wielki dar Boga. B\u00f3g zaprasza nas do\u00a0 wyznawania wiary ale jednocze\u015bnie szanuje wolno\u015b\u0107 cz\u0142owieka i nie pozbawia tej \u0142aski nawet, gdy cz\u0142owiek j\u0105 odrzuca.\u00a0 Pozwala cz\u0142owiekowi by powiedzia\u0142 Bogu &#8222;nie&#8221;. W tym ujawnia si\u0119 wszechmoc Boga, B\u00f3g tylko proponuje &#8222;je\u015bli chcesz&#8221;,\u00a0 nie dzia\u0142a pod presj\u0105, pod przymusem, stoi i czeka, nie odwraca si\u0119 od cz\u0142owieka, szuka go jak zaginionej owcy, bo nie chce by zszed\u0142 na manowce.<br \/>\nWreszcie\u00a0 kap\u0142an przytacza fragmenty z encykliki Jana Paw\u0142a II &#8222;Fides et ratio&#8221; podkre\u015blaj\u0105c, \u017ce wiara winna by\u0107 rozumna. Cz\u0142owiek wierz\u0105cy nie jest bezkrytyczny, mo\u017ce stawia\u0107 Bogu pytania, \u00a0tak, jak to czyni\u0142a Maryja. A Benedykt XVI podaje, \u017ce przy tym cz\u0142owiek powinien zna\u0107 swoje ograniczenia, powinien cechowa\u0107 si\u0119 pokor\u0105. Przytacza pi\u0119kny przyk\u0142ad ze \u015bwiat\u0142em s\u0142o\u0144ca \u2013 jest tak silne, \u017ce patrz\u0105c na\u0144 widzimy ciemno\u015b\u0107, ten wielki blask nie pozwala nam pozna\u0107 do ko\u0144ca jego \u017ar\u00f3d\u0142a. Swoj\u0105 homili\u0119 kap\u0142an zako\u0144czy\u0142 stwierdzeniem: B\u00f3g jest sprawc\u0105 naszej wiary i ostatecznie naszego nawr\u00f3cenia.<\/p>\n<p>Po smakowitym obiedzie spotkali\u015bmy si\u0119 z s. Aniel\u0105 SDS , salwatoriank\u0105, kt\u00f3ra podzieli\u0142a si\u0119 z nami swoimi kulinarnymi do\u015bwiadczeniami.<\/p>\n<p>Nast\u0119pnie ks. Rektor oprowadzi\u0142 nas po pi\u0119knym parku, rozpoczynaj\u0105c w\u0119dr\u00f3wk\u0119 od stawu z uroczymi \u017c\u00f3\u0142tymi grzybieniami. Park zachwyca wspania\u0142ymi okazami starych drzew, zw\u0142aszcza lip i dostojnych buk\u00f3w, w\u015br\u00f3d nich zabytkowa modrzewiowa kapliczka sprzyja chwilom wyciszenia i kontemplacji. W parku rozmieszczona jest ciekawa Droga Krzy\u017cowa, kt\u00f3rej stacje to kamienne g\u0142azy z ma\u0142ym metalowym krzy\u017cem. Przy ka\u017cdej z nich nasadzono charakterystyczne drzewa lub krzewy, symbolizuj\u0105ce tematyk\u0119 poszczeg\u00f3lnych stacji.<\/p>\n<p>Mieli\u015bmy r\u00f3wnie\u017c okazj\u0119 zobaczy\u0107 pi\u0119kny ogr\u00f3d uprawny, kt\u00f3ry dostarcza \u015bwie\u017cych warzyw do kuchni seminaryjnej przez ca\u0142y rok, r\u00f3wnie\u017c kwiat\u00f3w a nawet miodu.<\/p>\n<p>Na zako\u0144czenie dnia, pod przewodnictwem ks. Marcina, przed grot\u0105 Maryi, odprawili\u015bmy nabo\u017ce\u0144stwo czerwcowe z litani\u0105 do Naj\u015bwi\u0119tszego Serca Jezusa, powierzaj\u0105c Mu wszelkie nasze sprawy codziennego \u017cycia.<\/p>\n<p>Wspania\u0142a pogoda zwie\u0144czy\u0142a nasz pobyt w Bagnie, a przed wyjazdem wszyscy zostali\u015bmy obdarowani wspania\u0142ymi okazami cukinii z klasztornego ogrodu.<\/p>\n<p><img decoding=\"async\" loading=\"lazy\" class=\"alignnone wp-image-752\" src=\"http:\/\/www.dsz.archidiecezja.wroc.pl\/wp-content\/uploads\/2024\/07\/20240622_121436-1-Bagno-1-225x300.jpg\" alt=\"\" width=\"533\" height=\"711\" srcset=\"http:\/\/dsz.archidiecezja.wroc.pl\/wp-content\/uploads\/2024\/07\/20240622_121436-1-Bagno-1-225x300.jpg 225w, http:\/\/dsz.archidiecezja.wroc.pl\/wp-content\/uploads\/2024\/07\/20240622_121436-1-Bagno-1-768x1024.jpg 768w, http:\/\/dsz.archidiecezja.wroc.pl\/wp-content\/uploads\/2024\/07\/20240622_121436-1-Bagno-1-1152x1536.jpg 1152w, http:\/\/dsz.archidiecezja.wroc.pl\/wp-content\/uploads\/2024\/07\/20240622_121436-1-Bagno-1-1536x2048.jpg 1536w, http:\/\/dsz.archidiecezja.wroc.pl\/wp-content\/uploads\/2024\/07\/20240622_121436-1-Bagno-1-1200x1600.jpg 1200w, http:\/\/dsz.archidiecezja.wroc.pl\/wp-content\/uploads\/2024\/07\/20240622_121436-1-Bagno-1-scaled.jpg 1920w\" sizes=\"(max-width: 533px) 85vw, 533px\" \/><\/p>\n<p><img decoding=\"async\" loading=\"lazy\" class=\"wp-image-749 aligncenter\" src=\"http:\/\/www.dsz.archidiecezja.wroc.pl\/wp-content\/uploads\/2024\/07\/Bagno-300x225.jpg\" alt=\"\" width=\"607\" height=\"455\" srcset=\"http:\/\/dsz.archidiecezja.wroc.pl\/wp-content\/uploads\/2024\/07\/Bagno-300x225.jpg 300w, http:\/\/dsz.archidiecezja.wroc.pl\/wp-content\/uploads\/2024\/07\/Bagno-1024x768.jpg 1024w, http:\/\/dsz.archidiecezja.wroc.pl\/wp-content\/uploads\/2024\/07\/Bagno-768x576.jpg 768w, http:\/\/dsz.archidiecezja.wroc.pl\/wp-content\/uploads\/2024\/07\/Bagno-1536x1152.jpg 1536w, http:\/\/dsz.archidiecezja.wroc.pl\/wp-content\/uploads\/2024\/07\/Bagno-2048x1536.jpg 2048w, http:\/\/dsz.archidiecezja.wroc.pl\/wp-content\/uploads\/2024\/07\/Bagno-1200x900.jpg 1200w\" sizes=\"(max-width: 607px) 85vw, 607px\" \/><\/p>\n<p><img decoding=\"async\" loading=\"lazy\" class=\"wp-image-758 aligncenter\" src=\"http:\/\/www.dsz.archidiecezja.wroc.pl\/wp-content\/uploads\/2024\/07\/20240622_144143-Bagno-4-225x300.jpg\" alt=\"\" width=\"662\" height=\"883\" srcset=\"http:\/\/dsz.archidiecezja.wroc.pl\/wp-content\/uploads\/2024\/07\/20240622_144143-Bagno-4-225x300.jpg 225w, http:\/\/dsz.archidiecezja.wroc.pl\/wp-content\/uploads\/2024\/07\/20240622_144143-Bagno-4-768x1024.jpg 768w, http:\/\/dsz.archidiecezja.wroc.pl\/wp-content\/uploads\/2024\/07\/20240622_144143-Bagno-4-1152x1536.jpg 1152w, http:\/\/dsz.archidiecezja.wroc.pl\/wp-content\/uploads\/2024\/07\/20240622_144143-Bagno-4-1536x2048.jpg 1536w, http:\/\/dsz.archidiecezja.wroc.pl\/wp-content\/uploads\/2024\/07\/20240622_144143-Bagno-4-1200x1600.jpg 1200w, http:\/\/dsz.archidiecezja.wroc.pl\/wp-content\/uploads\/2024\/07\/20240622_144143-Bagno-4-scaled.jpg 1920w\" sizes=\"(max-width: 662px) 85vw, 662px\" \/><\/p>\n<p>&nbsp;<\/p>\n<p>&nbsp;<\/p>\n<p style=\"text-align: center;\"><span style=\"font-size: 18pt; color: #00ccff;\">U MATKI BO\u017bEJ DOBREJ RADY<\/span><\/p>\n<p>Tradycyjnie ju\u017c od kilku lat, na prze\u0142omie czerwca i lipca, cz\u0142onkowie Katolickiego Stowarzyszenia Lekarzy Polskich spotykaj\u0105 si\u0119 u MB Dobrej Rady w Sulistrowiczkach, by uczci\u0107 pami\u0119\u0107 \u015bw. Andrzeja \u015awierada ( 13.O7), pierwszego kanonizowanego polskiego \u015bwi\u0119tego, uznawanego jednocze\u015bnie za jednego z pierwszych lekarzy. Wprawdzie z wykszta\u0142cenia nie by\u0142 on lekarzem ale \u017cyj\u0105c na nieustannej modlitwie, jako eremita o nadzwyczaj surowej ascezie, w bezpo\u015brednim s\u0105siedztwie natury, posiad\u0142 dar uzdrawiania chorych.<\/p>\n<p>Spotkanie, kt\u00f3remu przewodniczy\u0142 ks. Marcin Ko\u0142odziej \u2013 p.o. Asystenta Ko\u015bcielnego Stowarzyszenia, rozpocz\u0119\u0142o przypomnienie postaci \u015awi\u0119tego, jego \u017cycia i zas\u0142ug dla Ko\u015bcio\u0142a.<\/p>\n<p>Mi\u0142ym akcentem naszego spotkania by\u0142o powitanie nas przez ks. Ryszarda Staszaka \u2013 kustosza sanktuarium, kt\u00f3ry obdarowa\u0142 ka\u017cdego uczestnika obrazkiem z wizerunkiem MB Dobrej Rady \u2013 patronki sanktuarium.<\/p>\n<p>Msz\u0119 \u015bw. W kaplicy sprawowa\u0142 ks. Marcin, wyg\u0142aszaj\u0105c r\u00f3wnie\u017c homili\u0119. W modlitwach wiernych modlili\u015bmy si\u0119 w intencji Ojca \u015awi\u0119tego, za cz\u0142onk\u00f3w Stowarzyszenia, za chorych oraz w intencji Ojczyzny w przede dniu wybor\u00f3w prezydenckich. &#8211; W homilii ks. Marcin, w oparciu o Ewangeli\u0119 dnia, podkre\u015bli\u0142 znaczenie wiary w \u017cyciu cz\u0142owieka. Przywo\u0142a\u0142 posta\u0107 setnika, kt\u00f3ry nie b\u0119d\u0105c Izraelit\u0105, okaza\u0142 wielk\u0105 wiar\u0119. Jego s\u0142owa-pro\u015bba wesz\u0142y na sta\u0142e do liturgii eucharystycznej: &#8222;Panie nie jestem godzien&#8230;&#8221;. W ten spos\u00f3b zosta\u0142o podkre\u015blone, \u017ce \u0142aska Jezusa jest dost\u0119pna dla wszystkich, r\u00f3wnie\u017c dla pogan. Nast\u0119pnie zwr\u00f3ci\u0142 uwag\u0119 na s\u0142owo &#8222;salus&#8221;, kt\u00f3re zawiera podw\u00f3jne znaczenie: jako zdrowie, kt\u00f3rym z racji swego zawodu-powo\u0142ania opiekuj\u0105 si\u0119 lekarze oraz zbawienie, kt\u00f3re zapewnia cz\u0142owiekowi Pan B\u00f3g. Do tego jednak potrzebna jest z naszej strony g\u0142\u0119boka wiara i otwarcie si\u0119 na\u00a0 Bo\u017ce dzia\u0142anie. Bez naszej zgody i przyzwolenia B\u00f3g nie dokona naszego zbawienia.<\/p>\n<p>Po Mszy \u015bw., przed g\u0142azami wotywnymi, ufundowanymi przed laty przez czcicieli \u015bw. Andrzeja, zapalono znicz. Nast\u0119pnie uczestnicy spotkania udali si\u0119 na kr\u00f3tki le\u015bny spacer do \u017ar\u00f3de\u0142ka z cudown\u0105 wod\u0105.<\/p>\n<p>W drodze powrotnej do Wroc\u0142awia zatrzymali\u015bmy si\u0119 w Rogowie Sob\u00f3ckim w kawiarence na ma\u0142e &#8222;co nieco&#8221;. Warto wspomnie\u0107, \u017ce naprzeciwko kawiarenki, tu\u017c przy szosie, mo\u017cna ujrze\u0107 relikty dalekiej przesz\u0142o\u015bci: pr\u0119gierz i kamienny krzy\u017c pokutny, jako jeden z wielu setek rozsianych na Dolnym \u015al\u0105sku.<\/p>\n<p>Ca\u0142emu naszemu spotkaniu towarzyszy\u0142a pi\u0119kna s\u0142oneczna pogoda w oprawie bujnej \u015bl\u0119\u017ca\u0144skiej ro\u015blinno\u015bci.<\/p>\n<p>Comiesi\u0119czne spotkania KSLP, po\u0142\u0105czone zawsze z Msz\u0105 \u015bw., prelekcj\u0105 formacyjn\u0105, wspomnieniami z pielgrzymek itp., pog\u0142\u0119biaj\u0105 nasz\u0105 wiar\u0119 i wpisuj\u0105 si\u0119 w kszta\u0142towanie postaw ewangelizacyjnych lekarzy, tak bardzo potrzebnych w ich \u017cyciu zawodowym.<\/p>\n<p>&nbsp;<\/p>\n<p>Anna Dadun-S\u0119k<\/p>\n<p style=\"text-align: center;\"><span style=\"font-size: 24pt;\">W 2018 r.\u00a0<\/span><\/p>\n<p style=\"text-align: center;\"><strong>KOMUNIKAT<\/strong><\/p>\n<p>W tym wyj\u0105tkowym dla Polak\u00f3w roku \u2013 stulecia odzyskania przez nasz\u0105 Ojczyzn\u0119 niepodleg\u0142o\u015bci, w samo po\u0142udnie w dniu 11.11. 2018 roku odby\u0142o si\u0119 patriotyczne zebranie z inicjatywy Przewodnicz\u0105cej Komisji historycznej przy DIL-U \u2013 dr hab. n med. Barbary Bruziewicz \u2013 Miklaszewskiej, przy wsp\u00f3\u0142udziale Katolickiego Stowarzyszenia Lekarzy Polskich -Oddzia\u0142 Dolno\u015bl\u0105ski z w-ce prezes<\/p>\n<p>dr n med. Gra\u017cyn\u0105 S\u0142opeck\u0105-Borejko.<\/p>\n<p>Miejscem spotkania by\u0142 pomnik &#8211; g\u0142az ustawiony przy DS. \u201eBli\u017aniak\u201d.<\/p>\n<p>Dla przypomnienia ten pomnik zosta\u0142 ustawiony w 50-t\u0105 rocznic\u0119 odzyskania przez Polsk\u0119 niepodleg\u0142o\u015bci \u2013 czyli w 1968 roku. Pomys\u0142odawc\u0105 tego <em>przedsi\u0119wzi\u0119cia by\u0142 <\/em>przed laty <em>\u00f3wczesny student VI AM \u2013 Krzysztof Wronecki, obecnie profesor <\/em><em>kardiochirurgii, kt\u00f3ry wraz z \u017con\u0105 by\u0142 honorowym go\u015bciem naszego spotkania.<\/em><\/p>\n<p>Zebranie zwie\u0144czy\u0142o \u00a0od\u015bpiewanie o godz. 12.00 Hymnu Pa\u0144stwowego, Hymnu Harcerskiego oraz pie\u015bni \u201cMy Pierwsza Brygada\u201d.<\/p>\n<p><img decoding=\"async\" loading=\"lazy\" class=\"alignnone wp-image-433\" src=\"http:\/\/www.dsz.archidiecezja.wroc.pl\/wp-content\/uploads\/2018\/11\/IMG_20181111_120413_BURST8-1-300x225.jpg\" alt=\"\" width=\"847\" height=\"635\" srcset=\"http:\/\/dsz.archidiecezja.wroc.pl\/wp-content\/uploads\/2018\/11\/IMG_20181111_120413_BURST8-1-300x225.jpg 300w, http:\/\/dsz.archidiecezja.wroc.pl\/wp-content\/uploads\/2018\/11\/IMG_20181111_120413_BURST8-1-768x576.jpg 768w, http:\/\/dsz.archidiecezja.wroc.pl\/wp-content\/uploads\/2018\/11\/IMG_20181111_120413_BURST8-1-1024x768.jpg 1024w, http:\/\/dsz.archidiecezja.wroc.pl\/wp-content\/uploads\/2018\/11\/IMG_20181111_120413_BURST8-1-1200x900.jpg 1200w\" sizes=\"(max-width: 709px) 85vw, (max-width: 909px) 67vw, (max-width: 1362px) 62vw, 840px\" \/><\/p>\n","protected":false},"excerpt":{"rendered":"<p>DZIE\u0143 SKUPIENIA\u00a0 KATOLICKIEGO STOWARZYSZENIA LEKARZY POLSKICH tradycyjnie w Bagnie \u00a0w klasztorze oo. Salwatorian\u00f3w. Rozpocz\u0105\u0142 si\u0119 jak zwykle nawi\u0105zaniem wsp\u00f3lnoty przy kawie i herbacie. Centralnym punktem spotkania by\u0142a Naj\u015bwi\u0119tsza Eucharystia w klasztornej kaplicy koncelebrowana przez kap\u0142an\u00f3w: ks. Rektora prof.dr hab. Romana S\u0142upka SDS oraz ks. dr Marcina Ko\u0142odzieja, Asystenta Ko\u015bcielnego KELP. Czytania dnia prowadzi\u0142a prof. dr &hellip; <a href=\"http:\/\/dsz.archidiecezja.wroc.pl\/index.php\/stowarzyszenia\/katolickie-stowarzyszenie-lekarzy-polskich\/\" class=\"more-link\">Czytaj dalej<span class=\"screen-reader-text\"> \u201eKatolickie Stowarzyszenie Lekarzy Polskich oddzia\u0142 Dolno\u015bl\u0105ski\u201d<\/span><\/a><\/p>\n","protected":false},"author":1,"featured_media":0,"parent":42,"menu_order":210,"comment_status":"closed","ping_status":"closed","template":"","meta":[],"_links":{"self":[{"href":"http:\/\/dsz.archidiecezja.wroc.pl\/index.php\/wp-json\/wp\/v2\/pages\/44"}],"collection":[{"href":"http:\/\/dsz.archidiecezja.wroc.pl\/index.php\/wp-json\/wp\/v2\/pages"}],"about":[{"href":"http:\/\/dsz.archidiecezja.wroc.pl\/index.php\/wp-json\/wp\/v2\/types\/page"}],"author":[{"embeddable":true,"href":"http:\/\/dsz.archidiecezja.wroc.pl\/index.php\/wp-json\/wp\/v2\/users\/1"}],"replies":[{"embeddable":true,"href":"http:\/\/dsz.archidiecezja.wroc.pl\/index.php\/wp-json\/wp\/v2\/comments?post=44"}],"version-history":[{"count":14,"href":"http:\/\/dsz.archidiecezja.wroc.pl\/index.php\/wp-json\/wp\/v2\/pages\/44\/revisions"}],"predecessor-version":[{"id":759,"href":"http:\/\/dsz.archidiecezja.wroc.pl\/index.php\/wp-json\/wp\/v2\/pages\/44\/revisions\/759"}],"up":[{"embeddable":true,"href":"http:\/\/dsz.archidiecezja.wroc.pl\/index.php\/wp-json\/wp\/v2\/pages\/42"}],"wp:attachment":[{"href":"http:\/\/dsz.archidiecezja.wroc.pl\/index.php\/wp-json\/wp\/v2\/media?parent=44"}],"curies":[{"name":"wp","href":"https:\/\/api.w.org\/{rel}","templated":true}]}}