{"id":46,"date":"2017-02-20T21:23:22","date_gmt":"2017-02-20T20:23:22","guid":{"rendered":"http:\/\/www.dsz.archidiecezja.wroc.pl\/?page_id=46"},"modified":"2018-11-22T00:26:21","modified_gmt":"2018-11-21T23:26:21","slug":"stowarzyszenie-farmaceutow-katolickich-polski","status":"publish","type":"page","link":"http:\/\/dsz.archidiecezja.wroc.pl\/index.php\/stowarzyszenia\/stowarzyszenie-farmaceutow-katolickich-polski\/","title":{"rendered":"Stowarzyszenie Farmaceut\u00f3w Katolickich Polski"},"content":{"rendered":"<table class=\"m_4139876717147223601mlContentTable\" border=\"0\" width=\"640\" cellspacing=\"0\" cellpadding=\"0\" align=\"center\">\n<tbody>\n<tr>\n<td class=\"m_4139876717147223601mlContentTable\">\n<table class=\"m_4139876717147223601mlContentTable\" border=\"0\" width=\"640\" cellspacing=\"0\" cellpadding=\"0\" align=\"center\" bgcolor=\"#2ECC71\">\n<tbody>\n<tr>\n<td class=\"m_4139876717147223601mlContentOuter m_4139876717147223601mlBottomContentOuter\" align=\"left\">\n<h1>Stowarzyszenie Farmaceut\u00f3w Katolickich Polski &#8211; 17 listopada 2018<\/h1>\n<\/td>\n<\/tr>\n<\/tbody>\n<\/table>\n<\/td>\n<\/tr>\n<\/tbody>\n<\/table>\n<table class=\"m_4139876717147223601mlContentTable\" style=\"width: 169px;\" border=\"0\" width=\"640\" cellspacing=\"0\" cellpadding=\"0\" align=\"center\" bgcolor=\"#FFFFFF\">\n<tbody>\n<tr>\n<td class=\"m_4139876717147223601mlContentTable\" style=\"width: 153px;\" height=\"25\"><img decoding=\"async\" loading=\"lazy\" class=\"CToWUd a6T alignleft\" tabindex=\"0\" src=\"https:\/\/ci4.googleusercontent.com\/proxy\/Xr5s-LKzJS4xSreKbZ6ieP75UxAErkInGubf8GcELru1QNApMcan6knkrVTozFvXvdXkDxva1IA91CgxR-XEX5QDmMQCTdiyrZ7gJg1e-Jvo9DogusXf97BJYDHsU166x3OplRNL7ggwBmynL2n8P9oF59xeOD_q23uVdCPs2mGZGmXU6M5D1BVET88oE6SGJkdrmbK7EuS3btd1Uwa0=s0-d-e1-ft#https:\/\/gallery.mlcdn.com\/c\/1211\/1211732\/images\/2f3d33a6fee7d1bc7e8a9a8b50704f1177e3085d.jpeg\/beaa80f491c752dac46d8743bc09efb4e242fb35.jpeg\" alt=\"\" width=\"361\" height=\"481\" align=\"right\" border=\"0\" \/><\/td>\n<\/tr>\n<\/tbody>\n<\/table>\n<table id=\"m_4139876717147223601ml-block-111840990\" class=\"m_4139876717147223601mlContentTable\" border=\"0\" width=\"640\" cellspacing=\"0\" cellpadding=\"0\" align=\"center\" bgcolor=\"#FFFFFF\">\n<tbody>\n<tr>\n<td>\n<table class=\"m_4139876717147223601mlContentTable\" border=\"0\" width=\"640\" cellspacing=\"0\" cellpadding=\"0\" align=\"center\" bgcolor=\"#FFFFFF\">\n<tbody>\n<tr>\n<td class=\"m_4139876717147223601mlContentContainer\" align=\"left\"><strong>Szanowni Pa\u0144stwo! Moi drodzy!<\/strong><\/p>\n<p>w tym miesi\u0105cu szczeg\u00f3lnie wspominamy tych, kt\u00f3rzy wyprzedzili nas na drodze do domu Ojca. Pami\u0119tajmy w naszych modlitwach tak\u017ce o zmar\u0142ych farmaceutach. W niekt\u00f3rych miastach odby\u0142y si\u0119 tzw. Zaduszki Medyczne. Zosta\u0142a z\u0142o\u017cona (albo jeszcze b\u0119dzie)\u00a0ofiara Mszy \u015bwi\u0119tej za zmar\u0142ych farmaceut\u00f3w. Pomy\u015blmy o naszych kole\u017cankach, kolegach, mo\u017ce rodzicach lub bliskich, kt\u00f3rzy wykonywali zaw\u00f3d farmaceuty. Pole\u0107my te\u017c dobremu Bogu zmar\u0142ych wyk\u0142adowc\u00f3w, profesor\u00f3w, tych u boku kt\u00f3rych stawiali\u015bmy pierwsze kroki w pracy zawodowej, a kt\u00f3rzy ju\u017c przeszli do wiecznego \u017cycia. \u0141\u0105czy nas z nimi tajemnicza, ale i rzeczywista g\u0142\u0119boka wi\u0119\u017a duchowej solidarno\u015bci. Jeste\u015bmy jedn\u0105 rodzin\u0105, w kt\u00f3rej nawzajem mo\u017cemy si\u0119 za siebie modli\u0107 i w mi\u0142o\u015bci nawzajem si\u0119 obdarowywa\u0107 wewn\u0119trznymi darami. Jeste\u015bmy po\u0142\u0105czeni wi\u0119zami uczucia, mi\u0142o\u015b\u0107 nasza dociera a\u017c na tamten \u015bwiat&#8230;<strong><br \/>\n<\/strong><\/td>\n<\/tr>\n<\/tbody>\n<\/table>\n<\/td>\n<\/tr>\n<\/tbody>\n<\/table>\n<table id=\"m_4139876717147223601ml-block-111840986\" class=\"m_4139876717147223601mlContentTable\" border=\"0\" width=\"640\" cellspacing=\"0\" cellpadding=\"0\" align=\"center\" bgcolor=\"#FFFFFF\">\n<tbody>\n<tr>\n<td>\n<table class=\"m_4139876717147223601mlContentTable\" border=\"0\" width=\"640\" cellspacing=\"0\" cellpadding=\"0\" align=\"center\" bgcolor=\"#FFFFFF\">\n<tbody>\n<tr>\n<td class=\"m_4139876717147223601mlContentContainer\" align=\"left\"><strong>W diecezjach powoli powstaj\u0105 duszpasterstwa dla farmaceut\u00f3w. Mo\u017ce w twojej okolicy nic nie ma, a mo\u017ce chcia\u0142by\u015b (chcia\u0142aby\u015b) zainicjowa\u0107 spotkania farmaceut\u00f3w, na pocz\u0105tku chocia\u017c okazyjne, prosimy o kontakt.\u00a0<\/strong><strong><br \/>\n<\/strong><\/p>\n<p>Pielgrzymka do Sok\u00f3\u0142ki si\u0119 uda\u0142a, przynosi owoce, w najbli\u017cszym czasie co\u015b wi\u0119cej napiszemy. W czasopi\u015bmie Mgr.Farm. ukaza\u0142 si\u0119 artyku\u0142:\u00a0<a href=\"https:\/\/click.mlsend.com\/link\/c\/YT0xMDI2OTg4MTM5ODk1MzI5ODkxJmM9ZjV6NyZlPTg5ODYyNDEmYj0yMTQ0ODkxNzYmZD14MW41ZzNk.UIePo7jnmdRR9EFujKtX3ihzfj4qmdZX56vFsozBe6o\" target=\"_blank\" rel=\"noopener\" data-saferedirecturl=\"https:\/\/www.google.com\/url?q=https:\/\/click.mlsend.com\/link\/c\/YT0xMDI2OTg4MTM5ODk1MzI5ODkxJmM9ZjV6NyZlPTg5ODYyNDEmYj0yMTQ0ODkxNzYmZD14MW41ZzNk.UIePo7jnmdRR9EFujKtX3ihzfj4qmdZX56vFsozBe6o&amp;source=gmail&amp;ust=1542927451993000&amp;usg=AFQjCNF6t5fKjoEb8QyTDFFfeAXQ0NmnVQ\"><strong>Sprzeciw sumienia farmaceuty. Co stanowi Konstytucja i co z tego wynika?<\/strong><\/a>\u00a0Zawiera syntetyczn\u0105 wyk\u0142adni\u0119 obecnego prawa w tej kwestii. Jest dost\u0119pny na naszej stronie. Polecamy!<strong><br \/>\n<\/strong><\/p>\n<p>W najbli\u017cszym czasie w Brukseli (8-9. grudnia) odb\u0119dzie si\u0119 spotkanie\u00a0 Komitetu Wykonawczego Mi\u0119dzynarodowej Federacji Farmaceut\u00f3w Katolickich (FIPC). Organizacja ta (do kt\u00f3rej nale\u017cy tak\u017ce Polska) staje przed wa\u017cnymi wyborami (w\u0142adz, kierunk\u00f3w dzia\u0142ania). Wsparcie modlitewne jest tu bardzo potrzebne. Prosimy i zach\u0119camy! \u00a0\u00a0<strong><br \/>\n<\/strong><\/p>\n<p><strong>Z serdecznymi pozdrowieniami,<\/strong><\/p>\n<p>Ma\u0142gorzata Prusak<\/td>\n<\/tr>\n<\/tbody>\n<\/table>\n<\/td>\n<\/tr>\n<\/tbody>\n<\/table>\n","protected":false},"excerpt":{"rendered":"<p>Stowarzyszenie Farmaceut\u00f3w Katolickich Polski &#8211; 17 listopada 2018 Szanowni Pa\u0144stwo! Moi drodzy! w tym miesi\u0105cu szczeg\u00f3lnie wspominamy tych, kt\u00f3rzy wyprzedzili nas na drodze do domu Ojca. Pami\u0119tajmy w naszych modlitwach tak\u017ce o zmar\u0142ych farmaceutach. W niekt\u00f3rych miastach odby\u0142y si\u0119 tzw. Zaduszki Medyczne. Zosta\u0142a z\u0142o\u017cona (albo jeszcze b\u0119dzie)\u00a0ofiara Mszy \u015bwi\u0119tej za zmar\u0142ych farmaceut\u00f3w. Pomy\u015blmy o naszych &hellip; <a href=\"http:\/\/dsz.archidiecezja.wroc.pl\/index.php\/stowarzyszenia\/stowarzyszenie-farmaceutow-katolickich-polski\/\" class=\"more-link\">Czytaj dalej<span class=\"screen-reader-text\"> \u201eStowarzyszenie Farmaceut\u00f3w Katolickich Polski\u201d<\/span><\/a><\/p>\n","protected":false},"author":1,"featured_media":0,"parent":42,"menu_order":230,"comment_status":"closed","ping_status":"closed","template":"","meta":[],"_links":{"self":[{"href":"http:\/\/dsz.archidiecezja.wroc.pl\/index.php\/wp-json\/wp\/v2\/pages\/46"}],"collection":[{"href":"http:\/\/dsz.archidiecezja.wroc.pl\/index.php\/wp-json\/wp\/v2\/pages"}],"about":[{"href":"http:\/\/dsz.archidiecezja.wroc.pl\/index.php\/wp-json\/wp\/v2\/types\/page"}],"author":[{"embeddable":true,"href":"http:\/\/dsz.archidiecezja.wroc.pl\/index.php\/wp-json\/wp\/v2\/users\/1"}],"replies":[{"embeddable":true,"href":"http:\/\/dsz.archidiecezja.wroc.pl\/index.php\/wp-json\/wp\/v2\/comments?post=46"}],"version-history":[{"count":3,"href":"http:\/\/dsz.archidiecezja.wroc.pl\/index.php\/wp-json\/wp\/v2\/pages\/46\/revisions"}],"predecessor-version":[{"id":436,"href":"http:\/\/dsz.archidiecezja.wroc.pl\/index.php\/wp-json\/wp\/v2\/pages\/46\/revisions\/436"}],"up":[{"embeddable":true,"href":"http:\/\/dsz.archidiecezja.wroc.pl\/index.php\/wp-json\/wp\/v2\/pages\/42"}],"wp:attachment":[{"href":"http:\/\/dsz.archidiecezja.wroc.pl\/index.php\/wp-json\/wp\/v2\/media?parent=46"}],"curies":[{"name":"wp","href":"https:\/\/api.w.org\/{rel}","templated":true}]}}