{"id":486,"date":"2019-05-22T05:47:00","date_gmt":"2019-05-22T03:47:00","guid":{"rendered":"http:\/\/www.dsz.archidiecezja.wroc.pl\/?page_id=486"},"modified":"2019-06-02T10:23:37","modified_gmt":"2019-06-02T08:23:37","slug":"rekolekcje-galeria-foto-video","status":"publish","type":"page","link":"http:\/\/dsz.archidiecezja.wroc.pl\/index.php\/o-duszpasterstwie\/rekolekcje-galeria-foto-video\/","title":{"rendered":"Rekolekcje &#8211; Galeria Foto-Video"},"content":{"rendered":"<h3 style=\"text-align: center;\"><span style=\"font-size: 18pt;\">REKOLEKCJE WIELKOPOSTNE S\u0141U\u017bBY ZDROWIA <\/span><\/h3>\n<h3 style=\"text-align: center;\"><span style=\"font-size: 18pt;\">4- 7 . III. 2018<\/span><\/h3>\n<p><img decoding=\"async\" loading=\"lazy\" class=\"alignnone wp-image-283\" src=\"http:\/\/www.dsz.archidiecezja.wroc.pl\/wp-content\/uploads\/2018\/02\/PLakat-2018-212x300.jpg\" alt=\"\" width=\"796\" height=\"1127\" srcset=\"http:\/\/dsz.archidiecezja.wroc.pl\/wp-content\/uploads\/2018\/02\/PLakat-2018-212x300.jpg 212w, http:\/\/dsz.archidiecezja.wroc.pl\/wp-content\/uploads\/2018\/02\/PLakat-2018-768x1086.jpg 768w, http:\/\/dsz.archidiecezja.wroc.pl\/wp-content\/uploads\/2018\/02\/PLakat-2018-724x1024.jpg 724w, http:\/\/dsz.archidiecezja.wroc.pl\/wp-content\/uploads\/2018\/02\/PLakat-2018.jpg 794w\" sizes=\"(max-width: 796px) 85vw, 796px\" \/><\/p>\n<div><div class=\"su-youtube su-u-responsive-media-yes\"><iframe width=\"600\" height=\"400\" src=\"https:\/\/www.youtube.com\/embed\/av3E3QNQQh8?\" frameborder=\"0\" allowfullscreen allow=\"autoplay; encrypted-media; picture-in-picture\" title=\"\"><\/iframe><\/div><\/div>\n<div><div class=\"su-youtube su-u-responsive-media-yes\"><iframe width=\"600\" height=\"400\" src=\"https:\/\/www.youtube.com\/embed\/VS4L9ZSwWM4?\" frameborder=\"0\" allowfullscreen allow=\"autoplay; encrypted-media; picture-in-picture\" title=\"\"><\/iframe><\/div><\/div>\n<div><div class=\"su-youtube su-u-responsive-media-yes\"><iframe width=\"600\" height=\"400\" src=\"https:\/\/www.youtube.com\/embed\/68yt8JcJdS4?\" frameborder=\"0\" allowfullscreen allow=\"autoplay; encrypted-media; picture-in-picture\" title=\"\"><\/iframe><\/div><\/div>\n<div><div class=\"su-youtube su-u-responsive-media-yes\"><iframe width=\"600\" height=\"400\" src=\"https:\/\/www.youtube.com\/embed\/8nipmAG9c2Q?\" frameborder=\"0\" allowfullscreen allow=\"autoplay; encrypted-media; picture-in-picture\" title=\"\"><\/iframe><\/div><\/div>\n<h3><\/h3>\n<h3 style=\"text-align: center;\">Rekolekcje Wielkopostne dla S\u0142u\u017cby Zdrowia &#8211; 2017<\/h3>\n<div>\n<p><img decoding=\"async\" loading=\"lazy\" class=\"aligncenter wp-image-119 size-large\" src=\"http:\/\/www.dsz.archidiecezja.wroc.pl\/wp-content\/uploads\/2017\/03\/Rekolekcje-2017-03-708x1024.jpg\" alt=\"\" width=\"708\" height=\"1024\" srcset=\"http:\/\/dsz.archidiecezja.wroc.pl\/wp-content\/uploads\/2017\/03\/Rekolekcje-2017-03-708x1024.jpg 708w, http:\/\/dsz.archidiecezja.wroc.pl\/wp-content\/uploads\/2017\/03\/Rekolekcje-2017-03-207x300.jpg 207w, http:\/\/dsz.archidiecezja.wroc.pl\/wp-content\/uploads\/2017\/03\/Rekolekcje-2017-03-768x1111.jpg 768w, http:\/\/dsz.archidiecezja.wroc.pl\/wp-content\/uploads\/2017\/03\/Rekolekcje-2017-03-1200x1737.jpg 1200w, http:\/\/dsz.archidiecezja.wroc.pl\/wp-content\/uploads\/2017\/03\/Rekolekcje-2017-03.jpg 1659w\" sizes=\"(max-width: 708px) 85vw, 708px\" \/><\/p>\n<div>\n<p><strong> \u017byciorys jako wst\u0119p do wyk\u0142ad\u00f3w<\/strong><\/p>\n<p>Ks. Dariusz Oko, ur. 1960 w O\u015bwi\u0119cimiu, kap\u0142an archidiecezji krakowskiej. Jest autorem dw\u00f3ch doktorat\u00f3w:\u00a0z filozofii\u00a0i teologii, a tak\u017ce habilitacji z filozofii. Pracuje jako kierownik Katedry Filozofii Poznania Wydzia\u0142u Filozoficznego Uniwersytetu Papieskiego Jana Paw\u0142a II w Krakowie. Przez ponad 30 lat kap\u0142a\u0144stwa zawsze anga\u017cowa\u0142 si\u0119\u00a0r\u00f3wnolegle w prac\u0119 naukow\u0105 i duszpastersk\u0105 (jako sta\u0142y rezydent w parafiach polskich i zagranicznych). Przez 16 lat by\u0142 duszpasterzem student\u00f3w, a od 20 lat jest duszpasterzem lekarzy Archidiecezji Krakowskiej. Na studiach, sympozjach, pielgrzymkach i pracy duszpasterskiej sp\u0119dzi\u0142 zagranic\u0105\u00a0oko\u0142o 10 lat, poznaj\u0105c ponad 50 kraj\u00f3w na 7 kontynentach. Najlepiej zna Niemcy, w kt\u00f3rych studiowa\u0142 i pracowa\u0142 przez 7 lat. Znany jest\u00a0tak\u017ce z dzia\u0142alno\u015bci publicystycznej i medialnej, zw\u0142aszcza z krytyki ideologii gender. W wielu najwi\u0119kszych miastach Polski i \u015bwiata wyg\u0142osi\u0142 seri\u0119 ponad 200 wyk\u0142ad\u00f3w, ostatnio tak\u017ce w Niemczech, Wielkiej Brytanii, Irlandii, Kanadzie i Stanach Zjednoczonych.<\/p>\n<p>&nbsp;<\/p>\n<p>Opublikowa\u0142 mi\u0119dzy innymi:<\/p>\n<p><em>The Transcendental Way to God according to Bernard Lonergan<\/em> (dr fil. 1991); <em>\u0141aska i wolno\u015b\u0107. <\/em><em>\u0141aska w Biblii, nauczaniu Ko\u015bcio\u0142a i teologii wsp\u00f3\u0142czesnej<\/em> (dr teol. 1997); <em>Prze\u0142om \u2013 wyzwanie i szansa<\/em> (1998); <em>W poszukiwaniu pewno\u015bci. Pr\u00f3ba transcendentalnego ugruntowania metafizyki w filozofiach Emericha Coretha i Bernarda Lonergana (<\/em>hab. fi. 2010); <em>Moje \u017cycie. Z ks. Dariuszem Oko rozmawia Piotr Litka <\/em>(2014).<\/p>\n<p>Artyku\u0142y t\u0142umaczone na wiele j\u0119zyk\u00f3w: <em>Dziesi\u0119\u0107 argument\u00f3w przeciw <\/em>(2005) oraz<em> Z papie\u017cem przeciw homoherezji <\/em>(2012).<\/p>\n<p>Artyku\u0142y w ksi\u0105\u017ckach:\u00a0<em>Dyktatura gender <\/em>(2014),<em> Wygaszanie Polski <\/em>(2015),<em> Repolonizacja Polski <\/em>(2016),<em> Polsko\u015b\u0107 jest przywilejem <\/em>(2016).<\/p>\n<\/div>\n<div><\/div>\n<div>\n<p>REKOLEKCJE S\u0141U\u017bBY ZDROWIA<\/p>\n<p>Rekolekcje dla pracownik\u00f3w S\u0142u\u017cby Zdrowia prowadzi\u0142 ks. Prof. Dariusz Oko, duszpasterz S\u0142u\u017cby Zdrowia Archidiecezji Krakowskiej. Odby\u0142y si\u0119 w dniach 19-22 marca 2017 roku w ko\u015bciele pw. \u015bw. Franciszka z Asy\u017cu przy ul. Borowskiej we Wroclawiu.<\/p>\n<p>Motywem przewodnim rozwa\u017ca\u0144 rekolekcyjnych by\u0142o podkre\u015blenie warto\u015bci cz\u0142owieka, dzi\u0119kowania Bogu za otrzymane \u0142aski, \u017cycie w pokorze i wierno\u015bci Bo\u017cym przykazaniom.<\/p>\n<p>Ksi\u0105dz Prpfesor oparl swoje rozwa\u017cania na stwierdzeniu, \u017ce cz\u0142owiek jest wspania\u0142ym stworzeniem powo\u0142anym do \u017cycia przez Boga i stanowi w Jego oczach wielk\u0105 warto\u015b\u0107. Ca\u0142y czlowiek, jego cia\u0142o,ka\u017cdy jego narz\u0105d, jego oddech, gest, u\u015bmiech jest \u201ecudem techniki\u201d. Zbyt ma\u0142o zdajemy sobie\u00a0 spraw\u0119 z tego faktu, co przek\u0142ada si\u0119 nato, \u017ce za ma\u0142o dzi\u0119kujemy Bogu za tak wielki dar. A B\u00f3g da\u0142 sie nam ca\u0142kowicie, przyszed\u0142 do nas i pozostaje z nami w bezpo\u015bredniej blisko\u015bci. Zbyt ma\u0142o to doceniamy, to jest naszym b\u0142\u0119dem. Nie nale\u017cy koncentrowa\u0107 si\u0119 na tym, czego nam brakuje ale przede wszystkim na tym, co zosta\u0142o nam dane. W centrum naszego \u017cycia, dzia\u0142ania musi by\u0107 B\u00f3g. Wydaje si\u0119 to oczywiste, ale co innego jest wiedzie\u0107 a co innego jest realizowa\u0107 to w \u017cyciu codziennym. Dlatego nasze \u017cycie\u00a0 ma polega\u0107 na ci\u0105g\u0142ym rozwoju duchowym. Nie mo\u017cna przez ca\u0142e \u017cycie pozostawa\u0107\u00a0 na poziomie niemowlaka w sprawach wiary. Zbyt ma\u0142o dbamy o nasze \u017cycie wewn\u0119trzne. A je\u015bli si\u0119 nie rozwijamy, je\u015bli nasza wiara nie pog\u0142\u0119bia si\u0119, nie mo\u017cemy zazna\u0107 rado\u015bci, szcz\u0119\u015bcia, mi\u0142o\u015bci. Im wi\u0119cej w\u0142asnej formacji, tym mniej \u017cyciowych frustracji.. Pami\u0119tajmy, \u017ce jeste\u015bmy stworzeni do \u017cycia z Bogiem i \u017ce wzrastamy dzi\u0119ki Jego \u0142asce. Nawi\u0105zuje do \u017cycia ludzi w podesz\u0142ym wieku wskazuj\u0105c, \u017ce kiedy zaczyna umiera\u0107 cia\u0142o, bardziej \u017cyje i rozwija si\u0119 dusza. Je\u015bli w ci\u0105gu lat cz\u0142owiecze\u0144stwo rozwija\u0142o si\u0119 prawid\u0142owo, tak te\u017c staro\u015b\u0107 staje si\u0119 szcz\u0119\u015bliwsza i pogodna.<\/p>\n<p>Przytoczy\u0142 pi\u0119kne por\u00f3wnanie cz\u0142owieka , jego wn\u0119trza do kielicha, kt\u00f3ry jest na o\u0142tarzu wypleniony Cia\u0142em i Krwi\u0105 Chrystusa. Ka\u017cdy z nas winien by\u0107 wype\u0142niony Bogiem, tak jak to by\u0142o w przypadkach \u015bwi\u0119tych \u2013 Matki Teresy z Kalkuty, O. Pio, O. Maksymiliana Kolbego, Jana Pawla II. Oni byli rzeczywi\u015bcie nape\u0142nieni Bogiem, dlatego osi\u0105gali rzeczy wielkie.<\/p>\n<p>Du\u017co miejsca w swoich rozwa\u017caniach po\u015bwi\u0119ci\u0142 Ks. Dariusz pokorze. M\u00f3wi\u0105c o w\u0142asnych osi\u0105gni\u0119ciach, sukcesach musimy pami\u0119ta\u0107, \u017ce nasz udzia\u0142 w tym jest bardzo ma\u0142y. Na nasze osi\u0105gni\u0119cia sk\u0142adaj\u0105 si\u0119 wiedza i do\u015bwiadczenie poprzednich pokole\u0144, rodzic\u00f3w, katechet\u00f3w a przede wszystkim wielka \u0142aska Boga. Musimy wi\u0119c m\u00f3wi\u0107 o naszych osi\u0105gni\u0119ciach z pokor\u0105. Pokora powinna by\u0107 warunkiem naszego \u017cycia. Pokora to by\u0107 w prawdzie przed Bogiem i lud\u017ami. Pokora jest podstaw\u0105 szcz\u0119\u015bcia, rado\u015bci, r\u00f3wnowagi duchowej. Przywo\u0142uje tu poj\u0119cie sumienia, kt\u00f3re ma by\u0107 wska\u017anikiem post\u0119powania, ma umo\u017cliwia\u0107 rozr\u00f3\u017cnianie dobra od z\u0142a. Przeciwie\u0144stwo pokory \u2013 pycha mo\u017ce by\u0107 pocz\u0105tkiem wielkich grzech\u00f3w, czego przyk\u0142adem s\u0105 upad\u0142e anio\u0142y. Mamy tendencj\u0119 by siebie rozgrzesza\u0107 z pope\u0142nionych czyn\u00f3w niegodnych, jeste\u015bmy sk\u0142onni do szybkiej oceny innych. Pozostawmy to jednak Bogu. Mamy mi\u0142owa\u0107 bli\u017anich, jak B\u00f3g nas umi\u0142owa\u0142.<\/p>\n<p>Na zako\u0144czenie Rekolekcjonista podkre\u015bli\u0142, \u017ce drog\u0105 do \u015bwi\u0119to\u015bci, do osi\u0105gni\u0119cia nieba jest zachowanie przykaza\u0144 Bo\u017cych. Wydaje sie to takie proste. Potrzebny jest jednak w\u0142asny wysi\u0142ek, praca nad sob\u0105 i \u0142aska Bo\u017ca. Osi\u0105gni\u0119cie zbawienia nie jest automatyczne. Trzeba o to zabiega\u0107. Do tego konieczna jest kontrola samego siebie, to rachunek sumienia. Mamy rozum, woln\u0105 wol\u0119, uczucia ale mo\u017cemy b\u0142\u0105dzi\u0107. Nasze \u017cycie, dzia\u0142ania, czyny, s\u0142owa s\u0105 funkcj\u0105 naszego wn\u0119trza.<\/p>\n<p>MAKSYMALNE OTWARCIE SI\u0118 NA BOGA I INTENSYWNA PRACA NAD SOB\u0104 \u2013 to podstawowe wnioski p\u0142yn\u0105ce z tych spotka\u0144 rekolekcyjnych.<\/p>\n<p>Pracowa\u0107 tak, jakby wszystko zale\u017ca\u0142o ode mnie, modli\u0107 si\u0119 tak, jakby wszystko zale\u017ca\u0142o Boga!<\/p>\n<p>Notowa\u0142a Anna Dadun-S\u0119k<\/p>\n<\/div>\n<\/div>\n<div><\/div>\n<p><!--\n\n\n<div>[su_youtube url=\"https:\/\/www.youtube.com\/watch?v=hJwxmvF2GKg\"]<\/div>\n\n\n\n\n<div>[su_youtube url=\"https:\/\/www.youtube.com\/watch?v=OpDCxSk0jZQ\"]<\/div>\n\n\n\n\n<div>[su_youtube url=\"https:\/\/www.youtube.com\/watch?v=QXmnTiEp5U0\"]<\/div>\n\n\n--><\/p>\n<div><\/div>\n<div><\/div>\n","protected":false},"excerpt":{"rendered":"<p>REKOLEKCJE WIELKOPOSTNE S\u0141U\u017bBY ZDROWIA 4- 7 . III. 2018 Rekolekcje Wielkopostne dla S\u0142u\u017cby Zdrowia &#8211; 2017 \u017byciorys jako wst\u0119p do wyk\u0142ad\u00f3w Ks. Dariusz Oko, ur. 1960 w O\u015bwi\u0119cimiu, kap\u0142an archidiecezji krakowskiej. Jest autorem dw\u00f3ch doktorat\u00f3w:\u00a0z filozofii\u00a0i teologii, a tak\u017ce habilitacji z filozofii. Pracuje jako kierownik Katedry Filozofii Poznania Wydzia\u0142u Filozoficznego Uniwersytetu Papieskiego Jana Paw\u0142a II &hellip; <a href=\"http:\/\/dsz.archidiecezja.wroc.pl\/index.php\/o-duszpasterstwie\/rekolekcje-galeria-foto-video\/\" class=\"more-link\">Czytaj dalej<span class=\"screen-reader-text\"> \u201eRekolekcje &#8211; Galeria Foto-Video\u201d<\/span><\/a><\/p>\n","protected":false},"author":1,"featured_media":0,"parent":50,"menu_order":52,"comment_status":"closed","ping_status":"closed","template":"","meta":[],"_links":{"self":[{"href":"http:\/\/dsz.archidiecezja.wroc.pl\/index.php\/wp-json\/wp\/v2\/pages\/486"}],"collection":[{"href":"http:\/\/dsz.archidiecezja.wroc.pl\/index.php\/wp-json\/wp\/v2\/pages"}],"about":[{"href":"http:\/\/dsz.archidiecezja.wroc.pl\/index.php\/wp-json\/wp\/v2\/types\/page"}],"author":[{"embeddable":true,"href":"http:\/\/dsz.archidiecezja.wroc.pl\/index.php\/wp-json\/wp\/v2\/users\/1"}],"replies":[{"embeddable":true,"href":"http:\/\/dsz.archidiecezja.wroc.pl\/index.php\/wp-json\/wp\/v2\/comments?post=486"}],"version-history":[{"count":7,"href":"http:\/\/dsz.archidiecezja.wroc.pl\/index.php\/wp-json\/wp\/v2\/pages\/486\/revisions"}],"predecessor-version":[{"id":499,"href":"http:\/\/dsz.archidiecezja.wroc.pl\/index.php\/wp-json\/wp\/v2\/pages\/486\/revisions\/499"}],"up":[{"embeddable":true,"href":"http:\/\/dsz.archidiecezja.wroc.pl\/index.php\/wp-json\/wp\/v2\/pages\/50"}],"wp:attachment":[{"href":"http:\/\/dsz.archidiecezja.wroc.pl\/index.php\/wp-json\/wp\/v2\/media?parent=486"}],"curies":[{"name":"wp","href":"https:\/\/api.w.org\/{rel}","templated":true}]}}