{"id":53,"date":"2017-02-20T21:39:15","date_gmt":"2017-02-20T20:39:15","guid":{"rendered":"http:\/\/www.dsz.archidiecezja.wroc.pl\/?page_id=53"},"modified":"2018-10-15T11:53:29","modified_gmt":"2018-10-15T09:53:29","slug":"grupy-zawodowe","status":"publish","type":"page","link":"http:\/\/dsz.archidiecezja.wroc.pl\/index.php\/grupy-zawodowe\/","title":{"rendered":"Grupy zawodowe"},"content":{"rendered":"<ul class=\"su-subpages main-navigation\"><li class=\"page_item page-item-55\"><a href=\"http:\/\/dsz.archidiecezja.wroc.pl\/index.php\/grupy-zawodowe\/lekarze\/\">Lekarze<\/a><\/li>\n<li class=\"page_item page-item-57\"><a href=\"http:\/\/dsz.archidiecezja.wroc.pl\/index.php\/grupy-zawodowe\/pielegniarki-pielegniarze-i-polozne\/\">Piel\u0119gniarki, Piel\u0119gniarze i Po\u0142o\u017cne<\/a><\/li>\n<li class=\"page_item page-item-59\"><a href=\"http:\/\/dsz.archidiecezja.wroc.pl\/index.php\/grupy-zawodowe\/ratownicy-medyczni\/\">Ratownicy Medyczni<\/a><\/li>\n<li class=\"page_item page-item-61\"><a href=\"http:\/\/dsz.archidiecezja.wroc.pl\/index.php\/grupy-zawodowe\/farmaceuci\/\">Farmaceuci<\/a><\/li>\n<li class=\"page_item page-item-63\"><a href=\"http:\/\/dsz.archidiecezja.wroc.pl\/index.php\/grupy-zawodowe\/inni-pracownicy-sluzby-zdrowia\/\">Inni Pracownicy S\u0142u\u017cby Zdrowia<\/a><\/li>\n<\/ul>\n","protected":false},"excerpt":{"rendered":"","protected":false},"author":1,"featured_media":0,"parent":0,"menu_order":200,"comment_status":"closed","ping_status":"closed","template":"","meta":[],"_links":{"self":[{"href":"http:\/\/dsz.archidiecezja.wroc.pl\/index.php\/wp-json\/wp\/v2\/pages\/53"}],"collection":[{"href":"http:\/\/dsz.archidiecezja.wroc.pl\/index.php\/wp-json\/wp\/v2\/pages"}],"about":[{"href":"http:\/\/dsz.archidiecezja.wroc.pl\/index.php\/wp-json\/wp\/v2\/types\/page"}],"author":[{"embeddable":true,"href":"http:\/\/dsz.archidiecezja.wroc.pl\/index.php\/wp-json\/wp\/v2\/users\/1"}],"replies":[{"embeddable":true,"href":"http:\/\/dsz.archidiecezja.wroc.pl\/index.php\/wp-json\/wp\/v2\/comments?post=53"}],"version-history":[{"count":2,"href":"http:\/\/dsz.archidiecezja.wroc.pl\/index.php\/wp-json\/wp\/v2\/pages\/53\/revisions"}],"predecessor-version":[{"id":400,"href":"http:\/\/dsz.archidiecezja.wroc.pl\/index.php\/wp-json\/wp\/v2\/pages\/53\/revisions\/400"}],"wp:attachment":[{"href":"http:\/\/dsz.archidiecezja.wroc.pl\/index.php\/wp-json\/wp\/v2\/media?parent=53"}],"curies":[{"name":"wp","href":"https:\/\/api.w.org\/{rel}","templated":true}]}}