{"id":55,"date":"2017-02-20T21:39:54","date_gmt":"2017-02-20T20:39:54","guid":{"rendered":"http:\/\/www.dsz.archidiecezja.wroc.pl\/?page_id=55"},"modified":"2024-09-26T01:27:20","modified_gmt":"2024-09-25T23:27:20","slug":"lekarze","status":"publish","type":"page","link":"http:\/\/dsz.archidiecezja.wroc.pl\/index.php\/grupy-zawodowe\/lekarze\/","title":{"rendered":"Lekarze"},"content":{"rendered":"<p>\\<\/p>\n<p><img decoding=\"async\" loading=\"lazy\" class=\"alignnone wp-image-599\" src=\"http:\/\/www.dsz.archidiecezja.wroc.pl\/wp-content\/uploads\/2020\/07\/20200627_124233-SLK-1-225x300.jpg\" alt=\"\" width=\"546\" height=\"728\" srcset=\"http:\/\/dsz.archidiecezja.wroc.pl\/wp-content\/uploads\/2020\/07\/20200627_124233-SLK-1-225x300.jpg 225w, http:\/\/dsz.archidiecezja.wroc.pl\/wp-content\/uploads\/2020\/07\/20200627_124233-SLK-1-768x1024.jpg 768w, http:\/\/dsz.archidiecezja.wroc.pl\/wp-content\/uploads\/2020\/07\/20200627_124233-SLK-1-1152x1536.jpg 1152w, http:\/\/dsz.archidiecezja.wroc.pl\/wp-content\/uploads\/2020\/07\/20200627_124233-SLK-1-1536x2048.jpg 1536w, http:\/\/dsz.archidiecezja.wroc.pl\/wp-content\/uploads\/2020\/07\/20200627_124233-SLK-1-1200x1600.jpg 1200w, http:\/\/dsz.archidiecezja.wroc.pl\/wp-content\/uploads\/2020\/07\/20200627_124233-SLK-1-scaled.jpg 1920w\" sizes=\"(max-width: 546px) 85vw, 546px\" \/><\/p>\n<p>&nbsp;<\/p>\n<p>KATOLICKIE STOWARZYSZENIE LEKARZY POLSKICH NA SPOTKANIU-PIELGRZYMCE<\/p>\n<p>Do Matki Bo\u017cej Dobrej Rady\u00a0 w Sulistrowiczkach\u00a0 i\u00a0 ku pami\u0119ci\u00a0 \u015bw. Andrzeja \u015awierada<\/p>\n<p>&nbsp;<\/p>\n<p>Kolejne, ju\u017c od lat, coroczne spotkanie cz\u0142onk\u00f3w KSLP u Matki Bo\u017cej Dobrej Rady w Sulistrowiczkach odby\u0142o si\u0119 17 sierpnia 2024 r. Po\u0142\u0105czone by\u0142o jak zwykle z uczczeniem pami\u0119ci \u015bw. Andrzeja \u015awierada, jednego z patron\u00f3w \u015brodowiska lekarskiego, kt\u00f3rego wspomnienie przypada 13 lipca.\u00a0 Inicjatorem tych spotka\u0144 pielgrzymkowych by\u0142, zmar\u0142y w 2018 roku, prof.dr hab. Gerwazy \u015awiderski, znany i ceniony\u00a0 lekarz-ortopeda, szczeg\u00f3lny czciciel \u015awi\u0119tego. W tym roku nasze spotkanie obfitowali w szczeg\u00f3lne momenty, kt\u00f3rych dostarczy\u0142a nam m.in. sama natura. By\u0142a oczywi\u015bcie tematyka religijna, prawicowosocjaldemokratyczna, nieco turystyki, zakupy z regionalnych upraw i grzyb\u00f3w, chwile zaskoczenia a nawet grozy.<\/p>\n<p>Spotkanie, jak zwykle w kawiarence, rozpocz\u0119\u0142a kr\u00f3tk\u0105 informacj\u0105 o \u015bw. Andrzeju \u015awieradzie, dr Gra\u017cyna S\u0142opecka-Borejko. Nast\u0119pnie dr Anna Dadun-S\u0119k, z okazji przypadaj\u0105cej w tym roku \ud83d\ude2f rocznicy wybuchu Powstania Warszawskiego, wyg\u0142osi\u0142a prelekcj\u0119 po\u015bwi\u0119con\u0105 bohaterom Powstania oraz\u00a0 \u017bo\u0142nierzom Niez\u0142omnym pt. &#8222;W ho\u0142dzie bohaterom&#8221;. Im to, niewielu ju\u017c \u017cyj\u0105cych,\u00a0 w\u0142a\u015bnie w tym roku, wzniesiono we Wroc\u0142awiu dwa pomniki pami\u0119ci: mural\u00a0 &#8222;Warszawiacy-Powsta\u0144cy-Wroc\u0142awianie&#8221; oraz\u00a0 wymowny obiekt, przedstawiaj\u0105cy zatopione w blokach szklanych 9 postaci \u017bo\u0142nierzy Niez\u0142omnych. Potrzeba by\u0142o wielu dziesi\u0105tk\u00f3w lat, by uzna\u0107 ich wreszcie za bohater\u00f3w.<\/p>\n<p>Po kr\u00f3tkiej dyskusji g\u0142os zabra\u0142 mgr Stefan Okurowski, specjalista fizjoterapeuta, kierownik O\u015brodka Rehabilitacji przy ul. Bierutowskiej we Wroc\u0142awiu, kt\u00f3rego organizatorem by\u0142 przed laty prof. \u015awiderski.\u00a0 Przekaza\u0142 pozdrowienia i \u017cyczenia dla uczestnik\u00f3w spotkania od dr Krystyny \u015awiderskiej, Ma\u0142\u017conki Profesora.<\/p>\n<p>Nast\u0119pnie udali\u015bmy si\u0119 do kaplicy Matki Bo\u017cej Dobrej Rady, gdzie Msz\u0119 \u015bw. celebrowa\u0142 ks. Jakub Bartczak, wikariusz parafii pw. Naj\u015bwi\u0119tszego Serca pana Jezusa w Sulistrowiczkach. Jest on w Polsce szczeg\u00f3lnie rozpoznawalny jako kap\u0142an-raper, kt\u00f3ry swoj\u0105 pos\u0142ug\u0119 duszpastersk\u0105 rozwija zw\u0142aszcza w\u015br\u00f3d ludzi m\u0142odych. Msz\u0119 \u015bw. poprzedzi\u0142a modlitwa &#8222;Anio\u0142 Pa\u0144ski&#8221; w intencji lekarzy.W homilii ks. Jakub zwr\u00f3ci\u0142 szczeg\u00f3ln\u0105 uwag\u0119 na konieczno\u015b\u0107 prowadzenia ewangelizacji, zw\u0142aszcza w\u015br\u00f3d dzieci i m\u0142odzie\u017cy. Odpowiedzialny za ni\u0105 jest nie tylko Ko\u015bci\u00f3\u0142 i katecheci ale r\u00f3wnie\u017c rodzice i wszyscy, kt\u00f3rym zale\u017cy na wpajaniu m\u0142odym zasad wiary, hierarchii warto\u015bci w dobie tak wielkich zagro\u017ce\u0144 i negacji Boga.<\/p>\n<p>Po Mszy \u015bw., tradycyjnie zapalili\u015bmy znicz pami\u0119ci przy g\u0142azie wotywnym, po\u015bwi\u0119conym \u015bw. Andrzejowi \u015awieradowi, ufundowanym przez prof. Gerwazego \u015awiderskiego. Nast\u0119pnie ca\u0142a grupa uda\u0142a si\u0119 le\u015bn\u0105 dr\u00f3\u017ck\u0105 do cudownego \u017ar\u00f3de\u0142ka. Tam pod figur\u0105 Matki Bo\u017cej pop\u0142yn\u0119\u0142a pi\u0119kna pie\u015b\u0144 &#8222;Po g\u00f3rach dolinach&#8230;&#8221;. Jak przysta\u0142o, ka\u017cdej pielgrzymce, towarzysz\u0105 zmiany pogody \u2013 upa\u0142y, deszcze. Tym razem prze\u017cyli\u015bmy nag\u0142\u0105 burz\u0119, istn\u0105 deszczow\u0105 nawa\u0142nic\u0119, kt\u00f3ra spowodowa\u0142a nie tylko przemokni\u0119cie do przys\u0142owiowej suchej nitki ale z konieczno\u015bci skr\u00f3ci\u0142a nasz pobyt pod \u015al\u0119\u017c\u0105 i utrudni\u0142a\u00a0 jazd\u0119 powrotn\u0105.<\/p>\n<p>W tym\u00a0 miejscu pragn\u0119 podzieli\u0107 si\u0119 osobist\u0105 refleksj\u0105 z pobytu w Sulistrowiczkach. Nie uczestniczy\u0142am w le\u015bnym spacerze do \u017ar\u00f3de\u0142ka, ze wzgl\u0119du na swoj\u0105 fizyczn\u0105 niesprawno\u015b\u0107. Posz\u0142am jedynie na kr\u00f3tki spacer wok\u00f3\u0142 kaplicy. Spad\u0142y pierwsze du\u017ce krople deszczu, wi\u0119c skierowa\u0142am si\u0119 do kawiarenki i us\u0142ysza\u0142am dochodz\u0105ce z niej &#8230; melodie powsta\u0144cze \u2013 &#8222;Marsz Mokotowa&#8221;, Tam przy instrumencie klawiszowym pan Witek, od wielu lat gospodarz obiektu, snu\u0142 tonami pie\u015bni powsta\u0144cze wspomnienia. By\u0142am wzruszona. Chwa\u0142a mu za to. Szkoda tylko, \u017ce nie zrobi\u0142 tego wcze\u015bniej w obecno\u015bci ca\u0142ej grupy.<\/p>\n<p>W drodze powrotnej uda\u0142o si\u0119 nam\u00a0 wreszcie wyrwa\u0107 z obj\u0119\u0107 burzowych chmur i dojecha\u0107 tradycyjnie do Rogowa Sob\u00f3ckiego. Tu przy fili\u017cance gor\u0105cej kawy i herbaty, ju\u017c pod dachem,\u00a0 suszyli\u015bmy nieco nasz okrycia, dokonuj\u0105c przy okazji zakup\u00f3w pysznego pieczywa. Humory dopisywa\u0142y, dzielono si\u0119 wspomnieniami, zw\u0142aszcza jeden z naszych koleg\u00f3w-lekarzy, kt\u00f3ry dzia\u0142a w kilku wroc\u0142awskich ch\u00f3rach, wyje\u017cd\u017caj\u0105cych r\u00f3wnie\u017c na spotkania mi\u0119dzynarodowe. Przywo\u0142a\u0142 jedno takie spotkanie w Pekinie, gdzie polski zesp\u00f3\u0142 wokalny wykona\u0142 pie\u015b\u0144&#8230; w j\u0119zyku gospodarzy! Fragment tej pie\u015bni,\u00a0 w j\u0119zyku chi\u0144skim zaprezentowa\u0142 i\u00a0 nam, czym zdoby\u0142 wielki podziw i aplauz.<\/p>\n<p>Dobry nastr\u00f3j naszemu pielgrzymkowemu spotkaniu, ju\u017c tylko w m\u017cawce, towarzyszy\u0142 nam do domu.<\/p>\n<p>&nbsp;<\/p>\n<p>Anna Dadun-S\u0119k<\/p>\n<p>&nbsp;<\/p>\n<p>&nbsp;<\/p>\n<p>\u015aWI\u0118TY\u00a0\u00a0 ANDRZEJ\u00a0 \u015aWIERAD<\/p>\n<p>&nbsp;<\/p>\n<p>Katolickie Stowarzyszenie Lekarzy Polskich Oddzia\u0142 we Wroc\u0142awiu od lat czci w dniu 13 lipca pami\u0119\u0107 \u015bw. Andrzeja \u015awierada, pierwszego\u00a0 kanonizowanego polskiego \u015bwi\u0119tego, uznawanego jednocze\u015bnie za jednego ze \u015bwi\u0119tych lekarzy. Ten kult \u015awi\u0119tego pozostawi\u0142 \u015brodowisku lekarskiemu, niejako w testamencie, zmar\u0142y w roku 2018 prof.dr hab. Gerwazy \u015awiderski, znany i ceniony lekarz-ortopeda, kt\u00f3ry by\u0142 jego wielkim czcicielem. \u015awi\u0119ty nie mia\u0142 wprawdzie wykszta\u0142cenia medycznego, ale \u017cyj\u0105c jako eremita o nadzwyczaj surowej ascezie, na nieustannej modlitwie, przy jednocze\u015bnie intensywnej ci\u0119\u017ckiej pracy w bezpo\u015brednim s\u0105siedztwie natury, posiad\u0142 dar uzdrawiania chorych.<\/p>\n<p>\u015aw. Andrzej \u015awierad, dawniej \u017burawek urodzi\u0142 si\u0119 w drugiej po\u0142owie X wieku we wsi \u015awieradzice na terenie diecezji krakowskiej.\u00a0 Jako miejsce urodzenia wspomina si\u0119 jednak cz\u0119\u015bciej wie\u015b Tropie nad Dunajcem, gdzie przysz\u0142y \u015awi\u0119ty za\u0142o\u017cy\u0142 z czasem pustelni\u0119. W ostatnich latach X wieku wst\u0105pi\u0142 do klasztoru oo. Benedyktyn\u00f3w, po\u0142o\u017conego na G\u00f3rze Zobor, niedaleko Nitry, kt\u00f3ra przez wiele lat nale\u017ca\u0142a do W\u0119gier, obecnie le\u017cy na terenie S\u0142owacji. Tam te\u017c otrzyma\u0142 imi\u0119 zakonne \u2013 \u015bw. Andrzeja Aposto\u0142a. Mia\u0142 ju\u017c za sob\u0105 wieloletnie do\u015bwiadczenie \u017cycia pustelniczego w Tropiu oraz w okolicach O\u0142awy, gdzie prawdopodobnie r\u00f3wnie\u017c za\u0142o\u017cy\u0142 pustelni\u0119. By\u0142o to zgodne z duchem \u015bw. Benedykta, kt\u00f3ry swoj\u0105 dzia\u0142alno\u015b\u0107 misyjn\u0105 rozpocz\u0105\u0142 w podobny spos\u00f3b.\u00a0 Zgodnie z regu\u0142\u0105 klasztorn\u0105, po uko\u0144czeniu 40 roku \u017cycia, \u015bw. Andrzej m\u00f3g\u0142 przebywa\u0107 poza klasztorem, w pustelni. Skorzysta\u0142 z tego, pracuj\u0105c ci\u0119\u017cko przez ca\u0142y tydzie\u0144 przy karczowaniu lasu,\u00a0 poszcz\u0105c przy tym ca\u0142kowicie trzy razy w tygodniu, wracaj\u0105c\u00a0 do opactwa tylko\u00a0 na sobot\u0119 i niedziel\u0119. Wtedy przyjmowa\u0142 obfitszy posi\u0142ek na prze\u017cycie kolejnego tygodnia.\u00a0 W Wielkim Po\u015bcie\u00a0 \u017cywi\u0142 si\u0119 jednym orzechem dziennie, popijaj\u0105c \u017ar\u00f3dlan\u0105 wod\u0105.\u00a0 Stosowa\u0142 dodatkowe umartwienia, kt\u00f3rych nie spos\u00f3b zrozumie\u0107 dzisiaj\u00a0 &#8211;\u00a0 spa\u0142 na pie\u0144ku otoczonym\u00a0 ostrymi pr\u0119tami oraz opasa\u0142 \u017celaznym \u0142a\u0144cuchem swoje cia\u0142o, kt\u00f3ry wr\u00f3s\u0142 w nie,\u00a0 co sta\u0142o si\u0119 bezpo\u015bredni\u0105 przyczyn\u0105 jego \u015bmierci ( lata 1030-1034). \u015aw. Andrzej cieszy\u0142 si\u0119 tak ogromnym uznaniem i czci\u0105\u00a0 u wsp\u00f3\u0142braci, \u017ce po \u015bmierci nie pochowano go we wsp\u00f3\u0142nym miejscu klasztornym ale w ko\u015bciele opackim.<\/p>\n<p>\u015aw. Andrzej \u015awierad uchodzi\u0142 za pierwszego polskiego lekarza, za specjalist\u0119 w zakresie medycyny ludowej. Przybywali do niego chorzy\u00a0 z ca\u0142ego regionu, kt\u00f3rym przynosi\u0142 ulg\u0119 dzi\u0119ki zabiegom zio\u0142oleczniczym. Propagowa\u0142 picie w\u00f3d \u017ar\u00f3dlanych , wierz\u0105c w ich zdrowotne ,\u00a0 cudowne w\u0142a\u015bciwo\u015bci. Leczy\u0142 cesarza niemieckiego\u00a0 Henryka II i kr\u00f3la w\u0119gierskiego Stefana , cz\u0142onk\u00f3w kr\u00f3lewskiej rodziny. Uzdrowi\u0142\u00a0 min. p\u00f3\u017aniejszego\u00a0 \u015bw. Emeryka syna \u015bw. Stefana W\u0119gierskiego \u2013 kr\u00f3la W\u0119gier.<\/p>\n<p>Nale\u017cy wspomnie\u0107, \u017ce bliskim towarzyszem i uczniem \u015bw. Andrzeja by\u0142 p\u00f3\u017aniejszy \u015bwi\u0119ty pustelnik i m\u0119czennik \u2013 \u015bw. Benedykt. \u017by\u0142\u00a0 w pustelni, r\u00f3wnie\u017c po jego \u015bmierci, wiod\u0105c\u00a0 ascetyczne \u017cycie. Pewnego razu zosta\u0142 napadni\u0119ty przez rozb\u00f3jnik\u00f3w, kt\u00f3rzy jego cia\u0142o wrzucili do rzeki Wag. Po roku cia\u0142o jego odnaleziono nietkni\u0119te. Zosta\u0142 pochowany obok \u015bw. Andrzeja w ko\u015bciele opackim opackim.r\u00f3wnie\u017c\u00a0 \u015bw. Benedykta szybko rozprzestrzeni\u0142 si\u0119 na terenie W\u0119gier i S\u0142owacji. Obaj \u015awi\u0119ci s\u0105 g\u0142\u00f3wnymi patronami Nitry, gdzie w katedrze pod ich wezwaniem, w kaplicy \u015bw. Barbary z\u0142o\u017cone s\u0105 we wsp\u00f3lnej trumience ich relikwie.<\/p>\n<p>W Polsce wzniesiono w 1611 roku ko\u015bci\u00f3\u0142ek w Tropiu, w kt\u00f3rym umieszczone sprowadzone cz\u0119\u015bci relikwii z Nitry.\u00a0 Miejscowo\u015b\u0107 gromadzi licznych pielgrzym\u00f3w, nie tylko z Polski. Nawiedzaj\u0105 usytuowan\u0105 w pobliskim lesie pustelni\u0119 \u015awi\u0119tego oraz \u017ar\u00f3de\u0142ko, z kt\u00f3rego korzysta\u0142\u00a0 a kt\u00f3rego woda,\u00a0 jak wierz\u0105,\u00a0 ma w\u0142asno\u015bci lecznicze.<\/p>\n<p>&nbsp;<\/p>\n<p style=\"text-align: center;\"><span style=\"font-size: 18pt; color: #ff0000;\"><strong>09 Maj 2021\u00a0<\/strong><\/span><\/p>\n<p style=\"text-align: center;\"><span style=\"font-size: 18pt; color: #ff0000;\"><strong>NIEDZIELA<\/strong><\/span><\/p>\n<p style=\"text-align: center;\"><span style=\"font-size: 18pt; color: #ff0000;\"><strong>o godz. 16:00\u00a0\u00a0\u00a0\u00a0\u00a0\u00a0\u00a0\u00a0\u00a0 EUCHARYSTIA\u00a0<\/strong><\/span><\/p>\n<p style=\"text-align: center;\"><span style=\"font-size: 14pt;\">Msza \u015awi\u0119ta Stowarzyszenia Lekarzy Katolickich we Wroc\u0142awiu<\/span><br \/>\n<span style=\"font-size: 14pt;\">pod przewodnictwem ks. dr Marcina Ko\u0142odzieja<\/span><br \/>\n<span style=\"font-size: 14pt;\">asystenta Stowarzyszenia Lekarzy Katolickich<\/span><\/p>\n<p>&nbsp;<\/p>\n<p>Warszawa, 16 pa\u017adziernika 2020 roku<\/p>\n<p>&nbsp;<\/p>\n<p>&nbsp;<\/p>\n<p><strong>Wielebni Ksi\u0119\u017ca,<\/strong><\/p>\n<p><strong>\u00a0<\/strong><\/p>\n<p>W zwi\u0105zku z sytuacj\u0105 epidemiologiczn\u0105 nie odb\u0119dzie si\u0119 sesja szkoleniowo &#8211; formacyjna dla kapelan\u00f3w, planowana\u00a0 w\u00a0terminie\u00a0 3-5 listopada 2020 roku na Jasnej G\u00f3rze.<\/p>\n<p>&nbsp;<\/p>\n<p><strong>Planujemy przeprowadzenie wideokonferencji z udzia\u0142em diecezjalnych duszpasterzy s\u0142u\u017cby zdrowia w dniu 5 listopada (czwartek), w\u00a0godzinach 10.00-12.00.<\/strong><\/p>\n<p>Link do udzia\u0142u w tym wydarzeniu przeka\u017cemy oddzielnym e-mailem tym Ksi\u0119\u017com, kt\u00f3rzy potwierdz\u0105 ch\u0119\u0107 udzia\u0142u wysy\u0142aj\u0105c sw\u00f3j akces na adres: duszpasterstwosz@wp.pl<\/p>\n<p>&nbsp;<\/p>\n<p>Z kap\u0142a\u0144skim pozdrowieniem<\/p>\n<p>&nbsp;<\/p>\n<p>Ks. Arek<\/p>\n<h2>Krajowy duszpasterz s\u0142u\u017cby zdrowia:<br \/>\nmodlimy si\u0119 i wspieramy chorych i lekarzy<\/h2>\n<h4>31 pa\u017adziernika 2020 |<\/h4>\n<h3>Modlitwa oraz towarzyszenie cierpi\u0105cym ludziom i lekarzom to dzi\u015b szczeg\u00f3lnie wa\u017cna misja kapelan\u00f3w w szpitalach \u2013 powiedzia\u0142 KAI ks. Arkadiusz Zawistowski. Krajowy duszpasterz s\u0142u\u017cby zdrowia zwraca uwag\u0119, \u017ce tak\u017ce kapelani zara\u017caj\u0105 si\u0119 koronawirusem, ale pomagaj\u0105 im ksi\u0119\u017ca-wolontariusze.<\/h3>\n<p>REKLAMA<\/p>\n<p>\u201ePracujemy jak pracowali\u015bmy, s\u0142u\u017cymy jak s\u0142u\u017cyli\u015bmy dotychczas\u201d \u2013 m\u00f3wi duchowny dodaj\u0105c, \u017ce kapelani pe\u0142ni\u0105cy pos\u0142ug\u0119 w szpitalach zawsze s\u0105 gotowi do pracy. Przyznaje, \u017ce obecna sytuacja zwi\u0105zana rozprzestrzenianiem si\u0119 koronawirusa jest wielkim wyzwaniem. \u201ePatrzymy z nadziej\u0105, wierzymy, \u017ce B\u00f3g nam pomo\u017ce w tym wszystkim. To jest pr\u00f3ba, ale wierz\u0119, \u017ce sobie poradzimy\u201d \u2013 powiedzia\u0142 ks. Zawistowski.<\/p>\n<p>\u201eMy\u015bl\u0119, \u017ce w tej sytuacji najwa\u017cniejsze jest modlitwa, wytrwa\u0142a, tak jak modli\u0142 si\u0119 Moj\u017cesz wznosz\u0105c ramiona do nieba\u201d \u2013 zaznaczy\u0142 krajowy duszpasterz s\u0142u\u017cby zdrowia dodaj\u0105c, \u017ce o znaczeniu pos\u0142ugi modlitwy szczeg\u00f3lnie cz\u0119sto m\u00f3wi\u0105 mu dzi\u015b szpitalni kapelani. Drugim istotnym zadaniem jest wspieranie, towarzyszenie i gotowo\u015b\u0107 niesienia pomocy cierpi\u0105cemu cz\u0142owiekowi. \u201eCzasami wystarczy nawet jedno s\u0142owo czy kr\u00f3tkie zdanie\u201d \u2013 zaznacza duchowny.<\/p>\n<p>Kapelani szpitalni staraj\u0105 si\u0119 wpiera\u0107 tak\u017ce personel medyczny. \u201eJe\u015bli ich zabraknie na tym polu walki, to kt\u00f3\u017c nam pomo\u017ce?\u201d \u2013 pyta duchowny zauwa\u017caj\u0105c, \u017ce cz\u0119\u015b\u0107 medyk\u00f3w ju\u017c uleg\u0142a zaka\u017ceniu koronawirusem, st\u0105d coraz g\u0142o\u015bniej zach\u0119ca si\u0119 do pomocy wolontariuszy.<\/p>\n<p>Jako wolontariusze zg\u0142aszaj\u0105 si\u0119 tak\u017ce ksi\u0119\u017ca, chc\u0105cy s\u0142u\u017cy\u0107 jako szpitalni kapelani. \u201eS\u0105 oni naprawd\u0119 bardzo potrzebni, poniewa\u017c duszpasterze szpitalni tak\u017ce si\u0119 zaka\u017caj\u0105 i \u2018wypadaj\u0105\u2019 z codziennej s\u0142u\u017cby, wi\u0119c kto\u015b musi ich zast\u0105pi\u0107\u201d \u2013 podkre\u015bla krajowy duszpasterz s\u0142u\u017cby zdrowia.<\/p>\n<p>&nbsp;<\/p>\n<p>&nbsp;<\/p>\n<p><img decoding=\"async\" loading=\"lazy\" class=\"alignnone wp-image-510\" src=\"http:\/\/www.dsz.archidiecezja.wroc.pl\/wp-content\/uploads\/2019\/10\/Plakat_2019-210x300.jpg\" alt=\"\" width=\"640\" height=\"914\" srcset=\"http:\/\/dsz.archidiecezja.wroc.pl\/wp-content\/uploads\/2019\/10\/Plakat_2019-210x300.jpg 210w, http:\/\/dsz.archidiecezja.wroc.pl\/wp-content\/uploads\/2019\/10\/Plakat_2019-768x1097.jpg 768w, http:\/\/dsz.archidiecezja.wroc.pl\/wp-content\/uploads\/2019\/10\/Plakat_2019-717x1024.jpg 717w, http:\/\/dsz.archidiecezja.wroc.pl\/wp-content\/uploads\/2019\/10\/Plakat_2019-1200x1714.jpg 1200w, http:\/\/dsz.archidiecezja.wroc.pl\/wp-content\/uploads\/2019\/10\/Plakat_2019.jpg 1654w\" sizes=\"(max-width: 640px) 85vw, 640px\" \/><\/p>\n<p>&nbsp;<\/p>\n<p>&nbsp;<\/p>\n","protected":false},"excerpt":{"rendered":"<p>\\ &nbsp; KATOLICKIE STOWARZYSZENIE LEKARZY POLSKICH NA SPOTKANIU-PIELGRZYMCE Do Matki Bo\u017cej Dobrej Rady\u00a0 w Sulistrowiczkach\u00a0 i\u00a0 ku pami\u0119ci\u00a0 \u015bw. Andrzeja \u015awierada &nbsp; Kolejne, ju\u017c od lat, coroczne spotkanie cz\u0142onk\u00f3w KSLP u Matki Bo\u017cej Dobrej Rady w Sulistrowiczkach odby\u0142o si\u0119 17 sierpnia 2024 r. Po\u0142\u0105czone by\u0142o jak zwykle z uczczeniem pami\u0119ci \u015bw. Andrzeja \u015awierada, jednego z &hellip; <a href=\"http:\/\/dsz.archidiecezja.wroc.pl\/index.php\/grupy-zawodowe\/lekarze\/\" class=\"more-link\">Czytaj dalej<span class=\"screen-reader-text\"> \u201eLekarze\u201d<\/span><\/a><\/p>\n","protected":false},"author":1,"featured_media":0,"parent":53,"menu_order":210,"comment_status":"closed","ping_status":"closed","template":"","meta":[],"_links":{"self":[{"href":"http:\/\/dsz.archidiecezja.wroc.pl\/index.php\/wp-json\/wp\/v2\/pages\/55"}],"collection":[{"href":"http:\/\/dsz.archidiecezja.wroc.pl\/index.php\/wp-json\/wp\/v2\/pages"}],"about":[{"href":"http:\/\/dsz.archidiecezja.wroc.pl\/index.php\/wp-json\/wp\/v2\/types\/page"}],"author":[{"embeddable":true,"href":"http:\/\/dsz.archidiecezja.wroc.pl\/index.php\/wp-json\/wp\/v2\/users\/1"}],"replies":[{"embeddable":true,"href":"http:\/\/dsz.archidiecezja.wroc.pl\/index.php\/wp-json\/wp\/v2\/comments?post=55"}],"version-history":[{"count":12,"href":"http:\/\/dsz.archidiecezja.wroc.pl\/index.php\/wp-json\/wp\/v2\/pages\/55\/revisions"}],"predecessor-version":[{"id":772,"href":"http:\/\/dsz.archidiecezja.wroc.pl\/index.php\/wp-json\/wp\/v2\/pages\/55\/revisions\/772"}],"up":[{"embeddable":true,"href":"http:\/\/dsz.archidiecezja.wroc.pl\/index.php\/wp-json\/wp\/v2\/pages\/53"}],"wp:attachment":[{"href":"http:\/\/dsz.archidiecezja.wroc.pl\/index.php\/wp-json\/wp\/v2\/media?parent=55"}],"curies":[{"name":"wp","href":"https:\/\/api.w.org\/{rel}","templated":true}]}}