{"id":57,"date":"2017-02-20T21:42:19","date_gmt":"2017-02-20T20:42:19","guid":{"rendered":"http:\/\/www.dsz.archidiecezja.wroc.pl\/?page_id=57"},"modified":"2021-05-09T17:39:27","modified_gmt":"2021-05-09T15:39:27","slug":"pielegniarki-pielegniarze-i-polozne","status":"publish","type":"page","link":"http:\/\/dsz.archidiecezja.wroc.pl\/index.php\/grupy-zawodowe\/pielegniarki-pielegniarze-i-polozne\/","title":{"rendered":"Piel\u0119gniarki, Piel\u0119gniarze i Po\u0142o\u017cne"},"content":{"rendered":"<p>&nbsp;<\/p>\n<p><img decoding=\"async\" loading=\"lazy\" class=\"alignnone  wp-image-640\" src=\"http:\/\/www.dsz.archidiecezja.wroc.pl\/wp-content\/uploads\/2021\/05\/IMG-213x300.jpg\" alt=\"\" width=\"824\" height=\"1161\" srcset=\"http:\/\/dsz.archidiecezja.wroc.pl\/wp-content\/uploads\/2021\/05\/IMG-213x300.jpg 213w, http:\/\/dsz.archidiecezja.wroc.pl\/wp-content\/uploads\/2021\/05\/IMG-726x1024.jpg 726w, http:\/\/dsz.archidiecezja.wroc.pl\/wp-content\/uploads\/2021\/05\/IMG-768x1083.jpg 768w, http:\/\/dsz.archidiecezja.wroc.pl\/wp-content\/uploads\/2021\/05\/IMG-1090x1536.jpg 1090w, http:\/\/dsz.archidiecezja.wroc.pl\/wp-content\/uploads\/2021\/05\/IMG-1453x2048.jpg 1453w, http:\/\/dsz.archidiecezja.wroc.pl\/wp-content\/uploads\/2021\/05\/IMG-1200x1692.jpg 1200w, http:\/\/dsz.archidiecezja.wroc.pl\/wp-content\/uploads\/2021\/05\/IMG-scaled.jpg 1816w\" sizes=\"(max-width: 824px) 85vw, 824px\" \/><\/p>\n<p style=\"text-align: center;\"><strong><em>\u00a0<\/em><\/strong><\/p>\n<p style=\"text-align: center;\"><span style=\"font-size: 14pt; color: #ff0000;\"><strong><em>(<\/em><\/strong><em>Homilia o b\u0142. Hannie Chrzanowskiej <\/em><\/span><\/p>\n<p style=\"text-align: center;\"><span style=\"font-size: 14pt; color: #ff0000;\"><em>wyg\u0142oszona u \u015bw. Franciszka z Asy\u017cu we Wroc\u0142awiu dnia 29.04.2018 AD<\/em>)<\/span><\/p>\n<p><em>Kto trwa we Mnie, a Ja w nim, ten przynosi owoc obfity, poniewa\u017c beze Mnie nic nie mo\u017cecie uczyni\u0107\u2026(J, 15,5)<\/em><\/p>\n<p><em>Siostry ni Bracia<strong>! Blaise Pascal<\/strong><\/em>, XVII. w. fizyk i filozof napisa\u0142: <em>Godne miana ludzi rozumnych s\u0105 dwa rodzaje os\u00f3b: te, kt\u00f3re s\u0142u\u017c\u0105 Bogu ca\u0142ym sercem, bo Go znaj\u0105; oraz te, kt\u00f3re szukaj\u0105 Go ca\u0142ym sercem, bo Go nie znaj\u0105<\/em>&#8230;<\/p>\n<p>Ko\u015bci\u00f3\u0142 Chrystusowy, kt\u00f3ry oczyma wiary ogl\u0105damy w czytanej i rozwa\u017canej dzisiaj <em>Przypowie\u015bci o winnym krzewie i latoro\u015blach<\/em>, tworz\u0105 takie w\u0142a\u015bnie osoby \u2013 godne wg Pascala \u2013 <em>miana ludzi rozumnych<\/em>&#8230;<\/p>\n<p>Do grona tych, kt\u00f3rzy Boga ca\u0142ym sercem szukali, a potem Go mi\u0142owali ca\u0142ym i niepodzielnym sercem w chorych siostrach i braciach nale\u017cy <strong><em>b\u0142. Hanna Chrzanowska<\/em><\/strong>, wczoraj wyniesiona na o\u0142tarze w krakowskich \u0141agiewnikach i dana przez Opatrzno\u015b\u0107 Bo\u017c\u0105 naszej umi\u0142owanej Ojczy\u017anie w 100. rocznic\u0119 niepodleg\u0142o\u015bci jako duchowe wsparcie i wz\u00f3r sensownego i \u015bwi\u0119tego \u017cycia. Tak w\u0142a\u015bnie powiedzia\u0142 o niej kard. Karol Wojty\u0142a podczas jej pogrzebu w 1973 r.: <em>By\u0142a\u015b dla nas wcieleniem Chrystusowych b\u0142ogos\u0142awie\u0144stw z Kazania na G\u00f3rze, zw\u0142aszcza tego, kiedy m\u00f3wi\u0142: B\u0142ogos\u0142awieni mi\u0142osierni&#8230;; by\u0142a\u015b dla mnie ogromn\u0105 pomoc\u0105 i oparciem<\/em>. Na pogrzebie Hanny modli\u0142y si\u0119 t\u0142umy ludzi, nie tylko pracownicy s\u0142u\u017cby zdrowia, kt\u00f3rzy w jej osobie otrzymuj\u0105 od Boga swoj\u0105 patronk\u0119, ale przyby\u0142o tam bardzo wielu chorych, tak\u017ce na w\u00f3zkach inwalidzkich, aby po\u017cegna\u0107 swoj\u0105 duchow\u0105 matk\u0119, kt\u00f3ra odchodzi\u0142a do domu Ojca w opinani \u015bwi\u0119to\u015bci. Hanna Chrzanowska porwa\u0142a wielu,\u00a0 szczeg\u00f3lnie ludzi m\u0142odych, krakowskich student\u00f3w, do heroicznej mi\u0142o\u015bci mi\u0142osiernej i bezinteresownej pomocy chorym&#8230;<\/p>\n<p>Siostry i Bracia! Je\u017celi Opatrzno\u015b\u0107 Bo\u017ca wybra\u0142a 100. lecie naszej niepodleg\u0142o\u015bci, aby da\u0107 nam w darze H. Chrzanowsk\u0105 jako b\u0142ogos\u0142awion\u0105 i patronk\u0119 s\u0142u\u017cby zdrowia, szczeg\u00f3lnie ofiarnych piel\u0119gniarek, to chce nam co\u015b przez to powiedzie\u0107&#8230; Co mianowicie? Ta beatyfikacja jest dzi\u015b wo\u0142aniem o ratowanie zagro\u017conego etosu s\u0142u\u017cby zdrowia, jest wo\u0142aniem o ratowanie oczywistego celu medycyny, jakim jest s\u0142u\u017cba zdrowiu i \u017cyciu ka\u017cdego cz\u0142owieka&#8230; W minionych dniach ze zdumieniem i trwog\u0105 \u015bledzili\u015bmy sprzeczne z tym powo\u0142aniem dzia\u0142ania lekarzy i s\u0119dzi\u00f3w na Wyspach Brytyjskich w stosunku do tak bardzo nam drogiego dwulatka <strong><em>Alfiego Evansa<\/em><\/strong>, kt\u00f3ry wbrew g\u0142osowi sumienia, wbrew prawu naturalnemu, Boskiemu i stanowionemu (mi\u0119dzynarodowemu) oraz wbrew woli jego rodzic\u00f3w, zosta\u0142, dos\u0142ownie, uwi\u0119ziony w murach szpitala, aby tam skona\u0142&#8230;, chocia\u017c ludzie sumienia na ca\u0142ym \u015bwiecie z ojcem \u015bw. Franciszkiem na czele modlili si\u0119 i prosili, aby temu niewinnemu dziecku pozwolono jeszcze si\u0119 leczy\u0107 w rzymskich klinikach, by m\u00f3g\u0142 si\u0119 cieszy\u0107 si\u0119 \u017cyciem, kt\u00f3re da\u0142 mu Stw\u00f3rca&#8230; <em>Chwa\u0142\u0105 Boga jest, aby cz\u0142owiek \u017cy\u0142 \u2013 <\/em>napisa\u0142 natchniony autor biblijny<em>&#8230; <\/em>Dlatego nie wolno pozwoli\u0107 nawet na cie\u0144 przyzwolenia na nieludzk\u0105 eutanazj\u0119, jakiej dokonano na oczach przera\u017conego \u015bwiata na ma\u0142ym Alfim, ani na zabicie \u017cadnego dziecka pod sercem matki. Nie wolno nam pozwoli\u0107 na to, aby kontrkultura \u015bmierci wesz\u0142a na nasze uczelnie i plac\u00f3wki medyczne. Niech nas wspiera w tym przekonaniu i trosce o ka\u017cde \u017cycie wz\u00f3r\u00a0 b\u0142. Piel\u0119gniarki\u00a0 &#8211; Hanny, urodzonej i wychowanej na naszej ojczystej ziemi w\u0142asne wtedy, kiedy odzyskiwali\u015bmy niepodleg\u0142o\u015b\u0107 po d\u0142ugich latach niewoli rozbiorowej&#8230;<\/p>\n<p>\u201e <em>To ju\u017c Chrzanowscy tak nisko upadli, \u017ce c\u00f3rk\u0119 daj\u0105 na piel\u0119gniark\u0119<\/em>? \u2013 takie komentarze pojawia\u0142y si\u0119 w \u015brodowisku profesorskim Krakowa, gdy w 1922 r. Hanna przerwa\u0142a studia polonistyczne i podj\u0119\u0142a nauk\u0119 w powsta\u0142ej w\u0142a\u015bnie Warszawskiej Szkole Piel\u0119gniarstwa. W swoim <em>Pami\u0119tniku<\/em> Hanna, wspominaj\u0105c klimat rodzinnego gniazda, napisa\u0142a:\u00a0 <em>Wzrasta\u0142am w atmosferze pomocy drugim.<\/em>.. Nie brakowa\u0142o te\u017c w tym domu ducha naturalnej wra\u017cliwo\u015bci na bied\u0119 i zdrowego patriotyzmu. Wzorem by\u0142a tak\u017ce dla m\u0142odej Hanny dyrektorka Uniwersyteckiej Szko\u0142y Piel\u0119gniarek \u2013 Maria Epstein, kt\u00f3ra po ust\u0105pieniu z\u00a0 posady dyrektorki wst\u0105pi\u0142a do zakonu dominikanek , umar\u0142a w opinii \u015bwi\u0119to\u015bci i tak\u017ce jest kandydatk\u0105 na o\u0142tarze&#8230;<\/p>\n<p>Bolesne do\u015bwiadczenia II wojny \u015bwiatowej odcisn\u0119\u0142y \u015blad na \u017cyciu wewn\u0119trznym Hanny i bardzo zbli\u017cy\u0142y j\u0105 do Boga, kt\u00f3rego szuka\u0142a ca\u0142ym sercem. Jej ojciec, wybitny profesor historii literatury na UJ, zosta\u0142 jesieni\u0105 1939 r. aresztowany przez Niemc\u00f3w (wraz z innymi profesorami kr\u00f3lewskiego Krakowa) i zmar\u0142 w niemieckim obozie \u015bmierci w\u00a0 Sachsenhausen 19.I.1940 r. Natomiast w kwietniu tego\u017c 1940 roku Sowieci zamordowali w Katyniu jej brata \u2013 por. Bohdana Chrzanowskiego, dr filozofii i nauczyciela gimnazjalnego. Hanna zaanga\u017cowa\u0142a si\u0119 w pos\u0142udze prowadzonego w Krakowie przez Ks. kard. Adama Sapieh\u0119 Komitetu Pomocy, zdobywaj\u0105c leki i dokumenty dla \u017co\u0142nierzy podziemia i warszawskich powsta\u0144c\u00f3w, ratowa\u0142a dzieci \u017cydowskie umieszczaj\u0105c je w klasztorach i polskich rodzinach. W powojennym, ponurym okresie bierutowsko \u2013 stalinowskim, kiedy pos\u0142ugiwanie chorym i ofiarom wojny znalaz\u0142o si\u0119 w warunkach duchowego zniewolenia, wiara Hanny stawa\u0142a si\u0119 coraz bardziej \u017carliwa i zacz\u0119\u0142a przenika\u0107 jej dzia\u0142alno\u015b\u0107 medyczn\u0105, opieku\u0144cz\u0105 i wychowawcz\u0105. W swoim <em>Pami\u0119tniku<\/em> zanotowa\u0142a w 1957 r. na kanwie s\u0142\u00f3w Chrystusa z dzisiejszej Ewangelii <em>&#8211; Beze Mnie nic nie mo\u017cecie uczyni\u0107<\/em> \u2013 \u2026<em>Trzeba oprze\u0107 opiek\u0119 nad chorymi o Ko\u015bci\u00f3\u0142<\/em>\u201d. Dosz\u0142a do przekonania, \u017ce o w\u0142asnych si\u0142ach nie da si\u0119 pom\u00f3c tak wielu ob\u0142o\u017cnie chorym i cz\u0119sto zapomnianym przez bliskich, \u017ce trzeba oprze\u0107 si\u0119 na Bogu&#8230; W tym okresie coraz cz\u0119\u015bciej mo\u017cna by\u0142o spotka\u0107 Hann\u0119 zatopion\u0105 w modlitwie w ko\u015bciele opactwa benedykty\u0144skiego w Ty\u0144cu. Benedykty\u0144skie <em>ORA ET LABORA<\/em> (<em>m\u00f3dl si\u0119 i pracuj, <\/em>albo te\u017c<em> laborant ora, tj. pracuj\u0105c m\u00f3dl si\u0119<\/em>) sta\u0142o si\u0119 coraz bardziej widoczne w jej pos\u0142ugiwaniu.<\/p>\n<p>Kiedy w\u0142adze komunistyczne zlikwidowa\u0142y Szko\u0142\u0119 Piel\u0119gniarstwa Psychiatrycznego, kt\u00f3r\u0105 Hanna kierowa\u0142a, kiedy chorzy przebywaj\u0105cy w czterech \u015bcianach mieszka\u0144, cz\u0119sto zapomniani przez bliskich, Hanna nawi\u0105za\u0142a kontakt z \u00f3wczesnym biskupem Krakowa &#8211; kard. K. Wojty\u0142\u0105 i proboszczem ko\u015bcio\u0142a mariackiego ks. Ferdynandem Machayem, organizuj\u0105c piel\u0119gniarstwo domowe w oparciu o parafie. Zaanga\u017cowa\u0142o si\u0119 w to tysi\u0105ce wolontariuszy, nie tylko piel\u0119gniarek, ale te\u017c ksi\u0119\u017cy i student\u00f3w krakowskich. Oni to do Hanny zwracali si\u0119 zdrobniale \u201eCioteczko\u201d. I tak si\u0119 zacz\u0119\u0142o profesjonalne, pionierskie piel\u0119gniarstwo spo\u0142eczne i parafialne, w kt\u00f3rym Hannie chodzi\u0142o nie tylko o fachow\u0105 opiek\u0119 medyczn\u0105 na rzecz ob\u0142o\u017cnie chorych w ich domach, ze \u015bwie\u017co odmalowanymi \u015bcianami i w \u0142\u00f3\u017ckach zawsze z czyst\u0105 po\u015bciel\u0105, ale o ich \u017cycie religijne. Dlatego rozpowszechni\u0142 si\u0119 zwyczaj odprawiania Mszy \u015bw. w domach chorych, regularnego przyjmowania sakrament\u00f3w \u015bw. a nawet odprawiania rekolekcji w przeznaczonych do tego domach ko\u015bcielnych&#8230;. Wysi\u0142ki zawsze energicznej i aktywnej Hanny sz\u0142y tak\u017ce w kierunku integralnej formacji nowych pokole\u0144 piel\u0119gniarek i lekarzy, czego wyrazem jest opracowany przez ni\u0105 <strong><em>Rachunek sumienia<\/em><\/strong>. Ten niesamowity tekst powinni czyta\u0107 codziennie wszyscy pracownicy s\u0142u\u017cby zdrowia. W\u0142a\u015bnie tam padaj\u0105 wci\u0105\u017c aktualne pytania: \u201e<em>Jak traktuje sprawy religijne chorych?; Czy o nie dbam?; Czy rozumiem, \u017ce moralno\u015bci Pan B\u00f3g nie dzieli na \u201eprywatn\u0105\u201d i \u201epracownicz\u0105\u201d i Jego przykazania s\u0105 niezmienne?<\/em><\/p>\n<p>Siostry i Bracia! Ko\u015bci\u00f3\u0142, si\u0119gaj\u0105c dzisiaj po przyk\u0142ad \u017cycia i heroicznej mi\u0142o\u015bci Boga i bli\u017aniego, szczeg\u00f3lnie dotkni\u0119tego chorob\u0105, wytr\u0105ca nas z gonitwy wsp\u00f3\u0142czesnego \u017cycia i wzywa do pochylenia si\u0119 nad pojedynczym cz\u0142owiekiem w potrzebie. Ka\u017cdy z nas mo\u017ce, tak jak b\u0142. Hanna Chrzanowska, dostrzec w chorym samego Chrystusa. Amen.<\/p>\n<p>&nbsp;<\/p>\n","protected":false},"excerpt":{"rendered":"<p>&nbsp; \u00a0 (Homilia o b\u0142. Hannie Chrzanowskiej wyg\u0142oszona u \u015bw. Franciszka z Asy\u017cu we Wroc\u0142awiu dnia 29.04.2018 AD) Kto trwa we Mnie, a Ja w nim, ten przynosi owoc obfity, poniewa\u017c beze Mnie nic nie mo\u017cecie uczyni\u0107\u2026(J, 15,5) Siostry ni Bracia! Blaise Pascal, XVII. w. fizyk i filozof napisa\u0142: Godne miana ludzi rozumnych s\u0105 dwa &hellip; <a href=\"http:\/\/dsz.archidiecezja.wroc.pl\/index.php\/grupy-zawodowe\/pielegniarki-pielegniarze-i-polozne\/\" class=\"more-link\">Czytaj dalej<span class=\"screen-reader-text\"> \u201ePiel\u0119gniarki, Piel\u0119gniarze i Po\u0142o\u017cne\u201d<\/span><\/a><\/p>\n","protected":false},"author":1,"featured_media":0,"parent":53,"menu_order":220,"comment_status":"closed","ping_status":"closed","template":"","meta":[],"_links":{"self":[{"href":"http:\/\/dsz.archidiecezja.wroc.pl\/index.php\/wp-json\/wp\/v2\/pages\/57"}],"collection":[{"href":"http:\/\/dsz.archidiecezja.wroc.pl\/index.php\/wp-json\/wp\/v2\/pages"}],"about":[{"href":"http:\/\/dsz.archidiecezja.wroc.pl\/index.php\/wp-json\/wp\/v2\/types\/page"}],"author":[{"embeddable":true,"href":"http:\/\/dsz.archidiecezja.wroc.pl\/index.php\/wp-json\/wp\/v2\/users\/1"}],"replies":[{"embeddable":true,"href":"http:\/\/dsz.archidiecezja.wroc.pl\/index.php\/wp-json\/wp\/v2\/comments?post=57"}],"version-history":[{"count":11,"href":"http:\/\/dsz.archidiecezja.wroc.pl\/index.php\/wp-json\/wp\/v2\/pages\/57\/revisions"}],"predecessor-version":[{"id":641,"href":"http:\/\/dsz.archidiecezja.wroc.pl\/index.php\/wp-json\/wp\/v2\/pages\/57\/revisions\/641"}],"up":[{"embeddable":true,"href":"http:\/\/dsz.archidiecezja.wroc.pl\/index.php\/wp-json\/wp\/v2\/pages\/53"}],"wp:attachment":[{"href":"http:\/\/dsz.archidiecezja.wroc.pl\/index.php\/wp-json\/wp\/v2\/media?parent=57"}],"curies":[{"name":"wp","href":"https:\/\/api.w.org\/{rel}","templated":true}]}}